{"id":685,"date":"2015-11-24T07:42:31","date_gmt":"2015-11-24T07:42:31","guid":{"rendered":"http:\/\/cdn.logistics.stylemixthemes.com\/demo\/?page_id=685"},"modified":"2020-03-04T20:58:22","modified_gmt":"2020-03-04T20:58:22","slug":"services-grid","status":"publish","type":"page","link":"https:\/\/comex-solutions.com\/?page_id=685","title":{"rendered":"Servicio Personalizado"},"content":{"rendered":"<div class=\"wpb-content-wrapper\"><p>[vc_row css=\u00bb.vc_custom_1449137312762{margin-bottom: 40px !important;}\u00bb][vc_column offset=\u00bbvc_col-lg-4 vc_col-md-4&#8243; css=\u00bb.vc_custom_1449137321169{margin-bottom: 40px !important;}\u00bb][vc_column_text]<\/p>\n<h2 style=\"text-align: center;\">CALIDAD Y SERVICIO CON TARIFAS PREFERENCIALES<\/h2>\n<p>[\/vc_column_text][\/vc_column][vc_column offset=\u00bbvc_col-lg-8 vc_col-md-8&#8243;][vc_column_text]COMEX SOLUTIONS, mantiene varias alianzas estrat\u00e9gicas a nivel mundial, a fin de poder garantizar excelente calidad y servicio, otorgando tarifas sumamente competitivas y ajustadas al mercado actual.<\/p>\n<p>Nuestra pol\u00edtica de calidad, se mantiene firme en otorgar un servicio garantizado, ajustado a sus necesidades.<\/p>\n<p>Contamos con departamentos especializados, en cada rama del comercio exterior, con profesionales calificados y en constante capacitaci\u00f3n, entre nuestros valores corporativos, se encuentra la responsabilidad, mismo que d\u00eda a d\u00eda inculcamos a nuestros colaboradores.[\/vc_column_text][\/vc_column][\/vc_row][vc_row css=\u00bb.vc_custom_1448358695952{margin-bottom: 40px !important;}\u00bb][vc_column][stm_services_grid posts_per_page=\u00bb15&#8243; posts_per_row=\u00bb3&#8243;][\/vc_column][\/vc_row][vc_row full_width=\u00bbstretch_row\u00bb css=\u00bb.vc_custom_1449137637970{margin-bottom: 0px !important;padding-top: 80px !important;padding-bottom: 30px !important;background-color: #f7f7f7 !important;}\u00bb][vc_column width=\u00bb1\/2&#8243; css=\u00bb.vc_custom_1449137646409{margin-bottom: 40px !important;}\u00bb][vc_column_text]<\/p>\n<h3>SOLUCIONES EFECTIVAS<\/h3>\n<p style=\"text-align: justify;\">Usted se beneficia de nuestra experiencia en la entrega de soluciones efectivas a los complejos inconvenientes en log\u00edstica integral. Junto a nosotros, usted se beneficiara de todas las innovaciones, ya se trate de una simple ampliaci\u00f3n de nuestros productos Air and Ocean Freight, o si requiere de un modelo de importaci\u00f3n o exportaci\u00f3n mas completo.<\/p>\n<p>[\/vc_column_text][\/vc_column][vc_column width=\u00bb1\/2&#8243; css=\u00bb.vc_custom_1449137653081{margin-bottom: 40px !important;}\u00bb][vc_column_text]<\/p>\n<h3>UNA GRAN EXPERIENCIA<\/h3>\n<div id=\"tw-target-text-container\" class=\"tw-ta-container tw-nfl\">\n<p id=\"tw-target-text\" class=\"tw-data-text tw-ta tw-text-small\" dir=\"ltr\" style=\"text-align: justify;\" data-placeholder=\"Traducci\u00f3n\"><span lang=\"es\">Cada nueva soluci\u00f3n se suma a la riqueza de nuestra experiencia, y por lo tanto nuestra competencia y credibilidad. Todo esto explica por qu\u00e9 usted encontrar\u00e1 que el equipo de COMEX SOLUTIONS est\u00e1 listo para aplicar su pasi\u00f3n por las soluciones en apoyo de su negocio.<\/span><\/p>\n<\/div>\n<p>[\/vc_column_text][\/vc_column][\/vc_row][vc_row full_width=\u00bbstretch_row_content_no_spaces\u00bb equal_height=\u00bbyes\u00bb content_placement=\u00bbtop\u00bb el_class=\u00bbsecondary_bg_color services_icons reset-sm-paddings\u00bb css=\u00bb.vc_custom_1450671531930{margin-bottom: 0px !important;}\u00bb][vc_column css=\u00bb.vc_custom_1449204255225{padding-top: 75px !important;padding-right: 115px !important;padding-bottom: 75px !important;padding-left: 115px !important;}\u00bb offset=\u00bbvc_col-lg-4 vc_col-md-4&#8243;][stm_icon icon_size=\u00bb67&#8243; icon_height=\u00bb90&#8243; title_font_size=\u00bb24&#8243; title_font_weight=\u00bb700&#8243; align=\u00bbcenter\u00bb icon=\u00bbstm-security\u00bb title=\u00bbCARGA SEGURA\u00bb text=\u00bbTrabajando con nosotros obtendr\u00e1s una experiencia totalmente agradable con los mejores est\u00e1ndares seguridad y manejo de tu carga.\u00bb icon_color=\u00bb#ffffff\u00bb title_color=\u00bb#ffffff\u00bb text_color=\u00bb#ffffff\u00bb][\/vc_column][vc_column css=\u00bb.vc_custom_1449204260881{padding-top: 75px !important;padding-right: 115px !important;padding-bottom: 75px !important;padding-left: 115px !important;background-color: rgba(0,0,0,0.1) !important;*background-color: rgb(0,0,0) !important;}\u00bb offset=\u00bbvc_col-lg-4 vc_col-md-4&#8243;][stm_icon icon_size=\u00bb67&#8243; icon_height=\u00bb90&#8243; title_font_size=\u00bb24&#8243; title_font_weight=\u00bb700&#8243; align=\u00bbcenter\u00bb icon=\u00bbstm-fast-delivery\u00bb title=\u00bbENTREGAS R\u00c1PIDAS\u00bb text=\u00bbContamos con un servicio especializado de entregas r\u00e1pidas, seg\u00fan sus requerimientos.\u00bb icon_color=\u00bb#ffffff\u00bb title_color=\u00bb#ffffff\u00bb text_color=\u00bb#ffffff\u00bb][\/vc_column][vc_column css=\u00bb.vc_custom_1449204266169{padding-top: 75px !important;padding-right: 115px !important;padding-bottom: 75px !important;padding-left: 115px !important;background-color: rgba(0,0,0,0.2) !important;*background-color: rgb(0,0,0) !important;}\u00bb offset=\u00bbvc_col-lg-4 vc_col-md-4&#8243;][stm_icon icon_size=\u00bb67&#8243; icon_height=\u00bb90&#8243; title_font_size=\u00bb24&#8243; title_font_weight=\u00bb700&#8243; align=\u00bbcenter\u00bb icon=\u00bbstm-support\u00bb title=\u00bbSOPORTE 24\/7&#8243; text=\u00bbNuestro equipo de trabajo, con el af\u00e1n de servirte mejor trabaja 24\/7 desde cualquier parte del mundo.\u00bb icon_color=\u00bb#ffffff\u00bb title_color=\u00bb#ffffff\u00bb text_color=\u00bb#ffffff\u00bb][\/vc_column][\/vc_row]<\/p>\n<\/div>","protected":false},"excerpt":{"rendered":"<p>[vc_row css=\u00bb.vc_custom_1449137312762{margin-bottom: 40px !important;}\u00bb][vc_column offset=\u00bbvc_col-lg-4 vc_col-md-4&#8243; css=\u00bb.vc_custom_1449137321169{margin-bottom: 40px !important;}\u00bb][vc_column_text] CALIDAD Y SERVICIO CON TARIFAS PREFERENCIALES [\/vc_column_text][\/vc_column][vc_column offset=\u00bbvc_col-lg-8 vc_col-md-8&#8243;][vc_column_text]COMEX SOLUTIONS, mantiene varias alianzas estrat\u00e9gicas a nivel mundial, a fin de poder garantizar excelente calidad&#8230;<\/p>\n","protected":false},"author":1,"featured_media":0,"parent":0,"menu_order":0,"comment_status":"closed","ping_status":"closed","template":"","meta":{"_et_pb_use_builder":"","_et_pb_old_content":"","_et_gb_content_width":"","_monsterinsights_skip_tracking":false,"_monsterinsights_sitenote_active":false,"_monsterinsights_sitenote_note":"","_monsterinsights_sitenote_category":0,"_uf_show_specific_survey":0,"_uf_disable_surveys":false,"footnotes":""},"class_list":["post-685","page","type-page","status-publish","hentry"],"yoast_head":"<!-- This site is optimized with the Yoast SEO plugin v23.6 - https:\/\/yoast.com\/wordpress\/plugins\/seo\/ -->\n<title>Servicio Personalizado - COMEX SOLUTIONS<\/title>\n<meta name=\"robots\" content=\"index, follow, max-snippet:-1, max-image-preview:large, max-video-preview:-1\" \/>\n<link rel=\"canonical\" href=\"https:\/\/comex-solutions.com\/?page_id=685\" \/>\n<meta property=\"og:locale\" content=\"es_ES\" \/>\n<meta property=\"og:type\" content=\"article\" \/>\n<meta property=\"og:title\" content=\"Servicio Personalizado - COMEX SOLUTIONS\" \/>\n<meta property=\"og:description\" content=\"[vc_row css=\u00bb.vc_custom_1449137312762{margin-bottom: 40px !important;}\u00bb][vc_column offset=\u00bbvc_col-lg-4 vc_col-md-4&#8243; css=\u00bb.vc_custom_1449137321169{margin-bottom: 40px !important;}\u00bb][vc_column_text] CALIDAD Y SERVICIO CON TARIFAS PREFERENCIALES [\/vc_column_text][\/vc_column][vc_column offset=\u00bbvc_col-lg-8 vc_col-md-8&#8243;][vc_column_text]COMEX SOLUTIONS, mantiene varias alianzas estrat\u00e9gicas a nivel mundial, a fin de poder garantizar excelente calidad...\" \/>\n<meta property=\"og:url\" content=\"https:\/\/comex-solutions.com\/?page_id=685\" \/>\n<meta property=\"og:site_name\" content=\"COMEX SOLUTIONS\" \/>\n<meta property=\"article:publisher\" content=\"https:\/\/es-la.facebook.com\/comexsolutionsec\/\" \/>\n<meta property=\"article:modified_time\" content=\"2020-03-04T20:58:22+00:00\" \/>\n<meta name=\"twitter:card\" content=\"summary_large_image\" \/>\n<meta name=\"twitter:label1\" content=\"Tiempo de lectura\" \/>\n\t<meta name=\"twitter:data1\" content=\"3 minutos\" \/>\n<script type=\"application\/ld+json\" class=\"yoast-schema-graph\">{\"@context\":\"https:\/\/schema.org\",\"@graph\":[{\"@type\":\"WebPage\",\"@id\":\"https:\/\/comex-solutions.com\/?page_id=685\",\"url\":\"https:\/\/comex-solutions.com\/?page_id=685\",\"name\":\"Servicio Personalizado - COMEX SOLUTIONS\",\"isPartOf\":{\"@id\":\"https:\/\/comex-solutions.com\/#website\"},\"datePublished\":\"2015-11-24T07:42:31+00:00\",\"dateModified\":\"2020-03-04T20:58:22+00:00\",\"breadcrumb\":{\"@id\":\"https:\/\/comex-solutions.com\/?page_id=685#breadcrumb\"},\"inLanguage\":\"es\",\"potentialAction\":[{\"@type\":\"ReadAction\",\"target\":[\"https:\/\/comex-solutions.com\/?page_id=685\"]}]},{\"@type\":\"BreadcrumbList\",\"@id\":\"https:\/\/comex-solutions.com\/?page_id=685#breadcrumb\",\"itemListElement\":[{\"@type\":\"ListItem\",\"position\":1,\"name\":\"Portada\",\"item\":\"https:\/\/comex-solutions.com\/\"},{\"@type\":\"ListItem\",\"position\":2,\"name\":\"Servicio Personalizado\"}]},{\"@type\":\"WebSite\",\"@id\":\"https:\/\/comex-solutions.com\/#website\",\"url\":\"https:\/\/comex-solutions.com\/\",\"name\":\"COMEX SOLUTIONS\",\"description\":\"IMPORTACIONES Y EXPORTACIONES\",\"publisher\":{\"@id\":\"https:\/\/comex-solutions.com\/#organization\"},\"potentialAction\":[{\"@type\":\"SearchAction\",\"target\":{\"@type\":\"EntryPoint\",\"urlTemplate\":\"https:\/\/comex-solutions.com\/?s={search_term_string}\"},\"query-input\":{\"@type\":\"PropertyValueSpecification\",\"valueRequired\":true,\"valueName\":\"search_term_string\"}}],\"inLanguage\":\"es\"},{\"@type\":\"Organization\",\"@id\":\"https:\/\/comex-solutions.com\/#organization\",\"name\":\"COMEX SOLUTIONS\",\"url\":\"https:\/\/comex-solutions.com\/\",\"logo\":{\"@type\":\"ImageObject\",\"inLanguage\":\"es\",\"@id\":\"https:\/\/comex-solutions.com\/#\/schema\/logo\/image\/\",\"url\":\"http:\/\/comex-solutions.com\/wp-content\/uploads\/2017\/08\/LOGO-CON-FONDO.png\",\"contentUrl\":\"http:\/\/comex-solutions.com\/wp-content\/uploads\/2017\/08\/LOGO-CON-FONDO.png\",\"width\":2995,\"height\":1134,\"caption\":\"COMEX SOLUTIONS\"},\"image\":{\"@id\":\"https:\/\/comex-solutions.com\/#\/schema\/logo\/image\/\"},\"sameAs\":[\"https:\/\/es-la.facebook.com\/comexsolutionsec\/\",\"https:\/\/www.instagram.com\/comexsolutions\/?hl=es-la\"]}]}<\/script>\n<!-- \/ Yoast SEO plugin. -->","yoast_head_json":{"title":"Servicio Personalizado - COMEX SOLUTIONS","robots":{"index":"index","follow":"follow","max-snippet":"max-snippet:-1","max-image-preview":"max-image-preview:large","max-video-preview":"max-video-preview:-1"},"canonical":"https:\/\/comex-solutions.com\/?page_id=685","og_locale":"es_ES","og_type":"article","og_title":"Servicio Personalizado - COMEX SOLUTIONS","og_description":"[vc_row css=\u00bb.vc_custom_1449137312762{margin-bottom: 40px !important;}\u00bb][vc_column offset=\u00bbvc_col-lg-4 vc_col-md-4&#8243; css=\u00bb.vc_custom_1449137321169{margin-bottom: 40px !important;}\u00bb][vc_column_text] CALIDAD Y SERVICIO CON TARIFAS PREFERENCIALES [\/vc_column_text][\/vc_column][vc_column offset=\u00bbvc_col-lg-8 vc_col-md-8&#8243;][vc_column_text]COMEX SOLUTIONS, mantiene varias alianzas estrat\u00e9gicas a nivel mundial, a fin de poder garantizar excelente calidad...","og_url":"https:\/\/comex-solutions.com\/?page_id=685","og_site_name":"COMEX SOLUTIONS","article_publisher":"https:\/\/es-la.facebook.com\/comexsolutionsec\/","article_modified_time":"2020-03-04T20:58:22+00:00","twitter_card":"summary_large_image","twitter_misc":{"Tiempo de lectura":"3 minutos"},"schema":{"@context":"https:\/\/schema.org","@graph":[{"@type":"WebPage","@id":"https:\/\/comex-solutions.com\/?page_id=685","url":"https:\/\/comex-solutions.com\/?page_id=685","name":"Servicio Personalizado - COMEX SOLUTIONS","isPartOf":{"@id":"https:\/\/comex-solutions.com\/#website"},"datePublished":"2015-11-24T07:42:31+00:00","dateModified":"2020-03-04T20:58:22+00:00","breadcrumb":{"@id":"https:\/\/comex-solutions.com\/?page_id=685#breadcrumb"},"inLanguage":"es","potentialAction":[{"@type":"ReadAction","target":["https:\/\/comex-solutions.com\/?page_id=685"]}]},{"@type":"BreadcrumbList","@id":"https:\/\/comex-solutions.com\/?page_id=685#breadcrumb","itemListElement":[{"@type":"ListItem","position":1,"name":"Portada","item":"https:\/\/comex-solutions.com\/"},{"@type":"ListItem","position":2,"name":"Servicio Personalizado"}]},{"@type":"WebSite","@id":"https:\/\/comex-solutions.com\/#website","url":"https:\/\/comex-solutions.com\/","name":"COMEX SOLUTIONS","description":"IMPORTACIONES Y EXPORTACIONES","publisher":{"@id":"https:\/\/comex-solutions.com\/#organization"},"potentialAction":[{"@type":"SearchAction","target":{"@type":"EntryPoint","urlTemplate":"https:\/\/comex-solutions.com\/?s={search_term_string}"},"query-input":{"@type":"PropertyValueSpecification","valueRequired":true,"valueName":"search_term_string"}}],"inLanguage":"es"},{"@type":"Organization","@id":"https:\/\/comex-solutions.com\/#organization","name":"COMEX SOLUTIONS","url":"https:\/\/comex-solutions.com\/","logo":{"@type":"ImageObject","inLanguage":"es","@id":"https:\/\/comex-solutions.com\/#\/schema\/logo\/image\/","url":"http:\/\/comex-solutions.com\/wp-content\/uploads\/2017\/08\/LOGO-CON-FONDO.png","contentUrl":"http:\/\/comex-solutions.com\/wp-content\/uploads\/2017\/08\/LOGO-CON-FONDO.png","width":2995,"height":1134,"caption":"COMEX SOLUTIONS"},"image":{"@id":"https:\/\/comex-solutions.com\/#\/schema\/logo\/image\/"},"sameAs":["https:\/\/es-la.facebook.com\/comexsolutionsec\/","https:\/\/www.instagram.com\/comexsolutions\/?hl=es-la"]}]}},"_links":{"self":[{"href":"https:\/\/comex-solutions.com\/index.php?rest_route=\/wp\/v2\/pages\/685","targetHints":{"allow":["GET"]}}],"collection":[{"href":"https:\/\/comex-solutions.com\/index.php?rest_route=\/wp\/v2\/pages"}],"about":[{"href":"https:\/\/comex-solutions.com\/index.php?rest_route=\/wp\/v2\/types\/page"}],"author":[{"embeddable":true,"href":"https:\/\/comex-solutions.com\/index.php?rest_route=\/wp\/v2\/users\/1"}],"replies":[{"embeddable":true,"href":"https:\/\/comex-solutions.com\/index.php?rest_route=%2Fwp%2Fv2%2Fcomments&post=685"}],"version-history":[{"count":4,"href":"https:\/\/comex-solutions.com\/index.php?rest_route=\/wp\/v2\/pages\/685\/revisions"}],"predecessor-version":[{"id":1305,"href":"https:\/\/comex-solutions.com\/index.php?rest_route=\/wp\/v2\/pages\/685\/revisions\/1305"}],"wp:attachment":[{"href":"https:\/\/comex-solutions.com\/index.php?rest_route=%2Fwp%2Fv2%2Fmedia&parent=685"}],"curies":[{"name":"wp","href":"https:\/\/api.w.org\/{rel}","templated":true}]}}