{"id":642,"date":"2015-11-24T05:41:19","date_gmt":"2015-11-24T05:41:19","guid":{"rendered":"http:\/\/cdn.logistics.stylemixthemes.com\/demo\/?page_id=642"},"modified":"2020-03-04T21:00:05","modified_gmt":"2020-03-04T21:00:05","slug":"services-icon","status":"publish","type":"page","link":"https:\/\/comex-solutions.com\/?page_id=642","title":{"rendered":"Servicios Log\u00edsticos"},"content":{"rendered":"<div class=\"wpb-content-wrapper\"><p>[vc_row css=\u00bb.vc_custom_1448347192284{margin-bottom: 70px !important;}\u00bb][vc_column offset=\u00bbvc_col-lg-4 vc_col-md-4&#8243;][vc_column_text css=\u00bb.vc_custom_1499793782968{margin-bottom: 40px !important;}\u00bb]<\/p>\n<h2>CALIDAD Y RENDIMIENTO AL PRECIO JUSTO<\/h2>\n<p>[\/vc_column_text][\/vc_column][vc_column width=\u00bb1\/2&#8243; offset=\u00bbvc_col-lg-4 vc_col-md-4&#8243;][vc_column_text]<\/p>\n<p style=\"text-align: justify;\">COMEX SOLUTIONS es uno de los principales proveedores mundiales de soluciones de cadena de suministro de extremo a extremo. Combinamos fletes a\u00e9reos y mar\u00edtimos transcontinentales con servicios integrales de log\u00edstica y servicios de cadena de suministro. El rango de Soluciones de Cadena de Suministro puede variar desde el simple transporte o almacenamiento hasta operaciones complejas.<\/p>\n<p>[\/vc_column_text][\/vc_column][vc_column width=\u00bb1\/2&#8243; offset=\u00bbvc_col-lg-4 vc_col-md-4&#8243;][vc_column_text]<\/p>\n<p style=\"text-align: justify;\">Optimizamos todas las actividades relacionadas con la informaci\u00f3n, el material y el flujo financiero. Proporcionamos soluciones integrales adaptadas a las necesidades de gesti\u00f3n de la cadena log\u00edstica de nuestros clientes con un compromiso especial con los requisitos espec\u00edficos de la industria.<\/p>\n<p>[\/vc_column_text][\/vc_column][\/vc_row][vc_row full_width=\u00bbstretch_row\u00bb css=\u00bb.vc_custom_1448346440762{margin-bottom: 0px !important;padding-top: 80px !important;padding-bottom: 60px !important;background-color: #1b4562 !important;}\u00bb][vc_column][vc_row_inner css=\u00bb.vc_custom_1449136946410{margin-bottom: 0px !important;}\u00bb][vc_column_inner width=\u00bb1\/2&#8243; css=\u00bb.vc_custom_1449136957585{margin-bottom: 35px !important;}\u00bb][stm_icon icon_size=\u00bb73&#8243; icon_height=\u00bb100&#8243; title_font_size=\u00bb24&#8243; title_font_weight=\u00bb700&#8243; icon=\u00bbstm-transport839&#8243; title=\u00bbFLETE A\u00c9REO \u00bb text=\u00bbEstableciendo el est\u00e1ndar en el flete a\u00e9reo. Nuestra red global tiene el poder de ayudar a las empresas a crecer, basadas en a\u00f1os de experiencia e influenciadas por las cambiantes necesidades de nuestros clientes. Nuestros especialistas en manejo de carga garantizar\u00e1n la excelencia operacional, as\u00ed como soluciones rentables.\u00bb link=\u00bburl:%2Fservices%2Fsea-freight%2F||\u00bb title_color=\u00bb#ffffff\u00bb text_color=\u00bb#ffffff\u00bb][\/vc_column_inner][vc_column_inner width=\u00bb1\/2&#8243; css=\u00bb.vc_custom_1449136961602{margin-bottom: 35px !important;}\u00bb][stm_icon icon_size=\u00bb89&#8243; icon_height=\u00bb100&#8243; title_font_size=\u00bb24&#8243; title_font_weight=\u00bb700&#8243; icon=\u00bbstm-ship\u00bb title=\u00bbFLETE MAR\u00cdTIMO\u00bb text=\u00bbMantenemos alianzas estrat\u00e9gicas con las principales lineas navieras, otorgando a nuestros clientes excelentes tarifas y tiempo de transito, ayudando de esta manera al crecimiento de las empresas. Nuestro servicio de calidad garantizan las operaciones de transporte seg\u00fan las necesidades requeridas.\u00bb title_color=\u00bb#ffffff\u00bb text_color=\u00bb#ffffff\u00bb link=\u00bburl:%2Fservices%2Fsea-freight%2F||\u00bb][\/vc_column_inner][\/vc_row_inner][vc_row_inner css=\u00bb.vc_custom_1449136951770{margin-bottom: 0px !important;}\u00bb][vc_column_inner width=\u00bb1\/2&#8243; css=\u00bb.vc_custom_1449136966415{margin-bottom: 35px !important;}\u00bb][stm_icon icon_size=\u00bb89&#8243; icon_height=\u00bb100&#8243; title_font_size=\u00bb24&#8243; title_font_weight=\u00bb700&#8243; icon=\u00bbstm-transport842&#8243; title=\u00bbFLETE TERRESTRE\u00bb text=\u00bbCOMEX SOLUTIONS est\u00e1 bien posicionada y calificada para ayudar a su compa\u00f1\u00eda a desarrollar programas nacionales y transfronterizos eficientes y personalizados para distribuir sus mercanc\u00edas. Nuestros especialistas en carreteras garantizar\u00e1n la excelencia operativa, as\u00ed como soluciones rentables que satisfagan sus necesidades en t\u00e9rminos de tiempo de tr\u00e1nsito.\u00bb title_color=\u00bb#ffffff\u00bb text_color=\u00bb#ffffff\u00bb link=\u00bburl:%2Fservices%2Fsea-freight%2F||\u00bb][\/vc_column_inner][vc_column_inner width=\u00bb1\/2&#8243; css=\u00bb.vc_custom_1449136971250{margin-bottom: 35px !important;}\u00bb][stm_icon icon_size=\u00bb89&#8243; icon_height=\u00bb100&#8243; title_font_size=\u00bb24&#8243; title_font_weight=\u00bb700&#8243; icon=\u00bbstm-warehouse\u00bb title=\u00bbWAREHOUSE\u00bb text=\u00bbNuestro modelo de operaci\u00f3n de manejo integral de carga nos permite brindarle a nuestros clientes el servicio de WAREHOUSE, basados en los diversos requerimientos solicitados; con \u00e9nfasis en el cumplimiento, la seguridad y la profesionalidad.\u00bb title_color=\u00bb#ffffff\u00bb text_color=\u00bb#ffffff\u00bb link=\u00bburl:%2Fservices%2Fsea-freight%2F||\u00bb][\/vc_column_inner][\/vc_row_inner][\/vc_column][\/vc_row][vc_row full_width=\u00bbstretch_row\u00bb el_class=\u00bbsecondary_bg_color\u00bb css=\u00bb.vc_custom_1448346766847{margin-bottom: 80px !important;}\u00bb][vc_column][vc_cta h2=\u00bb\u00bfNo est\u00e1 seguro de qu\u00e9 soluci\u00f3n se ajusta a las necesidades de su negocio?\u00bb shape=\u00bbsquare\u00bb add_button=\u00bbright\u00bb btn_title=\u00bbContactanos ahora\u00bb btn_style=\u00bboutline\u00bb btn_shape=\u00bbround\u00bb btn_color=\u00bbwhite\u00bb btn_i_align=\u00bbright\u00bb btn_i_icon_fontawesome=\u00bbstm-arrow-next\u00bb btn_add_icon=\u00bbtrue\u00bb el_class=\u00bbsecondary_bg_color\u00bb btn_link=\u00bburl:%2Fcontacts%2F||\u00bb btn_custom_onclick=\u00bbtrue\u00bb][\/vc_cta][\/vc_column][\/vc_row][vc_row css=\u00bb.vc_custom_1449137019491{margin-bottom: 40px !important;}\u00bb][vc_column width=\u00bb1\/2&#8243;][vc_column_text css=\u00bb.vc_custom_1503955527739{margin-bottom: 30px !important;}\u00bb]<\/p>\n<h3>Soluciones efectivas<\/h3>\n<p id=\"tw-target-text\" class=\"tw-data-text tw-ta tw-text-small\" dir=\"ltr\" style=\"text-align: justify;\" data-placeholder=\"Traducci\u00f3n\"><span lang=\"es\">Usted se beneficia de nuestra experiencia en la entrega de soluciones efectivas a los complejos inconvenientes en log\u00edstica integral. Junto a nosotros, usted se beneficiara de todas las innovaciones, ya se trate de una simple ampliaci\u00f3n de nuestros productos Air and Ocean Freight, o si requiere de un modelo de importaci\u00f3n o exportaci\u00f3n mas completo.<\/span><\/p>\n<p>[\/vc_column_text][\/vc_column][vc_column width=\u00bb1\/2&#8243;][vc_single_image image=\u00bb1163&#8243; img_size=\u00bbfull\u00bb alignment=\u00bbright\u00bb][\/vc_column][\/vc_row][vc_row full_width=\u00bbstretch_row_content_no_spaces\u00bb equal_height=\u00bbyes\u00bb content_placement=\u00bbtop\u00bb el_class=\u00bbsecondary_bg_color services_icons reset-sm-paddings\u00bb css=\u00bb.vc_custom_1450671531930{margin-bottom: 0px !important;}\u00bb][vc_column css=\u00bb.vc_custom_1449204255225{padding-top: 75px !important;padding-right: 115px !important;padding-bottom: 75px !important;padding-left: 115px !important;}\u00bb offset=\u00bbvc_col-lg-4 vc_col-md-4&#8243;][stm_icon icon_size=\u00bb67&#8243; icon_height=\u00bb90&#8243; title_font_size=\u00bb24&#8243; title_font_weight=\u00bb700&#8243; align=\u00bbcenter\u00bb icon=\u00bbstm-security\u00bb title=\u00bbCARGA SEGURA\u00bb text=\u00bbTrabajando con nosotros obtendr\u00e1s una experiencia totalmente agradable con los mejores est\u00e1ndares seguridad y manejo de tu carga.\u00bb icon_color=\u00bb#ffffff\u00bb title_color=\u00bb#ffffff\u00bb text_color=\u00bb#ffffff\u00bb][\/vc_column][vc_column css=\u00bb.vc_custom_1449204260881{padding-top: 75px !important;padding-right: 115px !important;padding-bottom: 75px !important;padding-left: 115px !important;background-color: rgba(0,0,0,0.1) !important;*background-color: rgb(0,0,0) !important;}\u00bb offset=\u00bbvc_col-lg-4 vc_col-md-4&#8243;][stm_icon icon_size=\u00bb67&#8243; icon_height=\u00bb90&#8243; title_font_size=\u00bb24&#8243; title_font_weight=\u00bb700&#8243; align=\u00bbcenter\u00bb icon=\u00bbstm-fast-delivery\u00bb title=\u00bbENTREGAS R\u00c1PIDAS\u00bb text=\u00bbContamos con un servicio especializado de entregas r\u00e1pidas, seg\u00fan sus requerimientos.\u00bb icon_color=\u00bb#ffffff\u00bb title_color=\u00bb#ffffff\u00bb text_color=\u00bb#ffffff\u00bb][\/vc_column][vc_column css=\u00bb.vc_custom_1449204266169{padding-top: 75px !important;padding-right: 115px !important;padding-bottom: 75px !important;padding-left: 115px !important;background-color: rgba(0,0,0,0.2) !important;*background-color: rgb(0,0,0) !important;}\u00bb offset=\u00bbvc_col-lg-4 vc_col-md-4&#8243;][stm_icon icon_size=\u00bb67&#8243; icon_height=\u00bb90&#8243; title_font_size=\u00bb24&#8243; title_font_weight=\u00bb700&#8243; align=\u00bbcenter\u00bb icon=\u00bbstm-support\u00bb title=\u00bbSOPORTE 24\/7&#8243; text=\u00bbNuestro equipo de trabajo, con el af\u00e1n de servirte mejor trabaja 24\/7 desde cualquier parte del mundo.\u00bb icon_color=\u00bb#ffffff\u00bb title_color=\u00bb#ffffff\u00bb text_color=\u00bb#ffffff\u00bb][\/vc_column][\/vc_row]<\/p>\n<\/div>","protected":false},"excerpt":{"rendered":"<p>[vc_row css=\u00bb.vc_custom_1448347192284{margin-bottom: 70px !important;}\u00bb][vc_column offset=\u00bbvc_col-lg-4 vc_col-md-4&#8243;][vc_column_text css=\u00bb.vc_custom_1499793782968{margin-bottom: 40px !important;}\u00bb] CALIDAD Y RENDIMIENTO AL PRECIO JUSTO [\/vc_column_text][\/vc_column][vc_column width=\u00bb1\/2&#8243; offset=\u00bbvc_col-lg-4 vc_col-md-4&#8243;][vc_column_text] COMEX SOLUTIONS es uno de los principales proveedores mundiales de soluciones de cadena de&#8230;<\/p>\n","protected":false},"author":1,"featured_media":0,"parent":0,"menu_order":0,"comment_status":"closed","ping_status":"closed","template":"","meta":{"_et_pb_use_builder":"","_et_pb_old_content":"","_et_gb_content_width":"","_monsterinsights_skip_tracking":false,"_monsterinsights_sitenote_active":false,"_monsterinsights_sitenote_note":"","_monsterinsights_sitenote_category":0,"_uf_show_specific_survey":0,"_uf_disable_surveys":false,"footnotes":""},"class_list":["post-642","page","type-page","status-publish","hentry"],"yoast_head":"<!-- This site is optimized with the Yoast SEO plugin v23.6 - https:\/\/yoast.com\/wordpress\/plugins\/seo\/ -->\n<title>Servicios Log\u00edsticos - COMEX SOLUTIONS<\/title>\n<meta name=\"robots\" content=\"index, follow, max-snippet:-1, max-image-preview:large, max-video-preview:-1\" \/>\n<link rel=\"canonical\" href=\"https:\/\/comex-solutions.com\/?page_id=642\" \/>\n<meta property=\"og:locale\" content=\"es_ES\" \/>\n<meta property=\"og:type\" content=\"article\" \/>\n<meta property=\"og:title\" content=\"Servicios Log\u00edsticos - COMEX SOLUTIONS\" \/>\n<meta property=\"og:description\" content=\"[vc_row css=\u00bb.vc_custom_1448347192284{margin-bottom: 70px !important;}\u00bb][vc_column offset=\u00bbvc_col-lg-4 vc_col-md-4&#8243;][vc_column_text css=\u00bb.vc_custom_1499793782968{margin-bottom: 40px !important;}\u00bb] CALIDAD Y RENDIMIENTO AL PRECIO JUSTO [\/vc_column_text][\/vc_column][vc_column width=\u00bb1\/2&#8243; offset=\u00bbvc_col-lg-4 vc_col-md-4&#8243;][vc_column_text] COMEX SOLUTIONS es uno de los principales proveedores mundiales de soluciones de cadena de...\" \/>\n<meta property=\"og:url\" content=\"https:\/\/comex-solutions.com\/?page_id=642\" \/>\n<meta property=\"og:site_name\" content=\"COMEX SOLUTIONS\" \/>\n<meta property=\"article:publisher\" content=\"https:\/\/es-la.facebook.com\/comexsolutionsec\/\" \/>\n<meta property=\"article:modified_time\" content=\"2020-03-04T21:00:05+00:00\" \/>\n<meta name=\"twitter:card\" content=\"summary_large_image\" \/>\n<meta name=\"twitter:label1\" content=\"Tiempo de lectura\" \/>\n\t<meta name=\"twitter:data1\" content=\"5 minutos\" \/>\n<script type=\"application\/ld+json\" class=\"yoast-schema-graph\">{\"@context\":\"https:\/\/schema.org\",\"@graph\":[{\"@type\":\"WebPage\",\"@id\":\"https:\/\/comex-solutions.com\/?page_id=642\",\"url\":\"https:\/\/comex-solutions.com\/?page_id=642\",\"name\":\"Servicios Log\u00edsticos - COMEX SOLUTIONS\",\"isPartOf\":{\"@id\":\"https:\/\/comex-solutions.com\/#website\"},\"datePublished\":\"2015-11-24T05:41:19+00:00\",\"dateModified\":\"2020-03-04T21:00:05+00:00\",\"breadcrumb\":{\"@id\":\"https:\/\/comex-solutions.com\/?page_id=642#breadcrumb\"},\"inLanguage\":\"es\",\"potentialAction\":[{\"@type\":\"ReadAction\",\"target\":[\"https:\/\/comex-solutions.com\/?page_id=642\"]}]},{\"@type\":\"BreadcrumbList\",\"@id\":\"https:\/\/comex-solutions.com\/?page_id=642#breadcrumb\",\"itemListElement\":[{\"@type\":\"ListItem\",\"position\":1,\"name\":\"Portada\",\"item\":\"https:\/\/comex-solutions.com\/\"},{\"@type\":\"ListItem\",\"position\":2,\"name\":\"Servicios Log\u00edsticos\"}]},{\"@type\":\"WebSite\",\"@id\":\"https:\/\/comex-solutions.com\/#website\",\"url\":\"https:\/\/comex-solutions.com\/\",\"name\":\"COMEX SOLUTIONS\",\"description\":\"IMPORTACIONES Y EXPORTACIONES\",\"publisher\":{\"@id\":\"https:\/\/comex-solutions.com\/#organization\"},\"potentialAction\":[{\"@type\":\"SearchAction\",\"target\":{\"@type\":\"EntryPoint\",\"urlTemplate\":\"https:\/\/comex-solutions.com\/?s={search_term_string}\"},\"query-input\":{\"@type\":\"PropertyValueSpecification\",\"valueRequired\":true,\"valueName\":\"search_term_string\"}}],\"inLanguage\":\"es\"},{\"@type\":\"Organization\",\"@id\":\"https:\/\/comex-solutions.com\/#organization\",\"name\":\"COMEX SOLUTIONS\",\"url\":\"https:\/\/comex-solutions.com\/\",\"logo\":{\"@type\":\"ImageObject\",\"inLanguage\":\"es\",\"@id\":\"https:\/\/comex-solutions.com\/#\/schema\/logo\/image\/\",\"url\":\"http:\/\/comex-solutions.com\/wp-content\/uploads\/2017\/08\/LOGO-CON-FONDO.png\",\"contentUrl\":\"http:\/\/comex-solutions.com\/wp-content\/uploads\/2017\/08\/LOGO-CON-FONDO.png\",\"width\":2995,\"height\":1134,\"caption\":\"COMEX SOLUTIONS\"},\"image\":{\"@id\":\"https:\/\/comex-solutions.com\/#\/schema\/logo\/image\/\"},\"sameAs\":[\"https:\/\/es-la.facebook.com\/comexsolutionsec\/\",\"https:\/\/www.instagram.com\/comexsolutions\/?hl=es-la\"]}]}<\/script>\n<!-- \/ Yoast SEO plugin. -->","yoast_head_json":{"title":"Servicios Log\u00edsticos - COMEX SOLUTIONS","robots":{"index":"index","follow":"follow","max-snippet":"max-snippet:-1","max-image-preview":"max-image-preview:large","max-video-preview":"max-video-preview:-1"},"canonical":"https:\/\/comex-solutions.com\/?page_id=642","og_locale":"es_ES","og_type":"article","og_title":"Servicios Log\u00edsticos - COMEX SOLUTIONS","og_description":"[vc_row css=\u00bb.vc_custom_1448347192284{margin-bottom: 70px !important;}\u00bb][vc_column offset=\u00bbvc_col-lg-4 vc_col-md-4&#8243;][vc_column_text css=\u00bb.vc_custom_1499793782968{margin-bottom: 40px !important;}\u00bb] CALIDAD Y RENDIMIENTO AL PRECIO JUSTO [\/vc_column_text][\/vc_column][vc_column width=\u00bb1\/2&#8243; offset=\u00bbvc_col-lg-4 vc_col-md-4&#8243;][vc_column_text] COMEX SOLUTIONS es uno de los principales proveedores mundiales de soluciones de cadena de...","og_url":"https:\/\/comex-solutions.com\/?page_id=642","og_site_name":"COMEX SOLUTIONS","article_publisher":"https:\/\/es-la.facebook.com\/comexsolutionsec\/","article_modified_time":"2020-03-04T21:00:05+00:00","twitter_card":"summary_large_image","twitter_misc":{"Tiempo de lectura":"5 minutos"},"schema":{"@context":"https:\/\/schema.org","@graph":[{"@type":"WebPage","@id":"https:\/\/comex-solutions.com\/?page_id=642","url":"https:\/\/comex-solutions.com\/?page_id=642","name":"Servicios Log\u00edsticos - COMEX SOLUTIONS","isPartOf":{"@id":"https:\/\/comex-solutions.com\/#website"},"datePublished":"2015-11-24T05:41:19+00:00","dateModified":"2020-03-04T21:00:05+00:00","breadcrumb":{"@id":"https:\/\/comex-solutions.com\/?page_id=642#breadcrumb"},"inLanguage":"es","potentialAction":[{"@type":"ReadAction","target":["https:\/\/comex-solutions.com\/?page_id=642"]}]},{"@type":"BreadcrumbList","@id":"https:\/\/comex-solutions.com\/?page_id=642#breadcrumb","itemListElement":[{"@type":"ListItem","position":1,"name":"Portada","item":"https:\/\/comex-solutions.com\/"},{"@type":"ListItem","position":2,"name":"Servicios Log\u00edsticos"}]},{"@type":"WebSite","@id":"https:\/\/comex-solutions.com\/#website","url":"https:\/\/comex-solutions.com\/","name":"COMEX SOLUTIONS","description":"IMPORTACIONES Y EXPORTACIONES","publisher":{"@id":"https:\/\/comex-solutions.com\/#organization"},"potentialAction":[{"@type":"SearchAction","target":{"@type":"EntryPoint","urlTemplate":"https:\/\/comex-solutions.com\/?s={search_term_string}"},"query-input":{"@type":"PropertyValueSpecification","valueRequired":true,"valueName":"search_term_string"}}],"inLanguage":"es"},{"@type":"Organization","@id":"https:\/\/comex-solutions.com\/#organization","name":"COMEX SOLUTIONS","url":"https:\/\/comex-solutions.com\/","logo":{"@type":"ImageObject","inLanguage":"es","@id":"https:\/\/comex-solutions.com\/#\/schema\/logo\/image\/","url":"http:\/\/comex-solutions.com\/wp-content\/uploads\/2017\/08\/LOGO-CON-FONDO.png","contentUrl":"http:\/\/comex-solutions.com\/wp-content\/uploads\/2017\/08\/LOGO-CON-FONDO.png","width":2995,"height":1134,"caption":"COMEX SOLUTIONS"},"image":{"@id":"https:\/\/comex-solutions.com\/#\/schema\/logo\/image\/"},"sameAs":["https:\/\/es-la.facebook.com\/comexsolutionsec\/","https:\/\/www.instagram.com\/comexsolutions\/?hl=es-la"]}]}},"_links":{"self":[{"href":"https:\/\/comex-solutions.com\/index.php?rest_route=\/wp\/v2\/pages\/642","targetHints":{"allow":["GET"]}}],"collection":[{"href":"https:\/\/comex-solutions.com\/index.php?rest_route=\/wp\/v2\/pages"}],"about":[{"href":"https:\/\/comex-solutions.com\/index.php?rest_route=\/wp\/v2\/types\/page"}],"author":[{"embeddable":true,"href":"https:\/\/comex-solutions.com\/index.php?rest_route=\/wp\/v2\/users\/1"}],"replies":[{"embeddable":true,"href":"https:\/\/comex-solutions.com\/index.php?rest_route=%2Fwp%2Fv2%2Fcomments&post=642"}],"version-history":[{"count":7,"href":"https:\/\/comex-solutions.com\/index.php?rest_route=\/wp\/v2\/pages\/642\/revisions"}],"predecessor-version":[{"id":1308,"href":"https:\/\/comex-solutions.com\/index.php?rest_route=\/wp\/v2\/pages\/642\/revisions\/1308"}],"wp:attachment":[{"href":"https:\/\/comex-solutions.com\/index.php?rest_route=%2Fwp%2Fv2%2Fmedia&parent=642"}],"curies":[{"name":"wp","href":"https:\/\/api.w.org\/{rel}","templated":true}]}}