{"id":618,"date":"2015-10-21T07:42:32","date_gmt":"2015-10-21T07:42:32","guid":{"rendered":"http:\/\/cdn.logistics.stylemixthemes.com\/demo\/?page_id=2"},"modified":"2023-05-05T21:02:38","modified_gmt":"2023-05-05T21:02:38","slug":"home","status":"publish","type":"page","link":"https:\/\/comex-solutions.com\/","title":{"rendered":"INICIO"},"content":{"rendered":"<div class=\"wpb-content-wrapper\"><p>[vc_row full_width=\u00bbstretch_row_content_no_spaces\u00bb css=\u00bb.vc_custom_1445941555299{margin-bottom: 0px !important;}\u00bb][vc_column offset=\u00bbvc_hidden-xs\u00bb][rev_slider_vc alias=\u00bbmain_slider\u00bb][\/vc_column][\/vc_row][vc_row full_width=\u00bbstretch_row\u00bb el_class=\u00bbbase_bg_color no_overflow_hidden\u00bb css=\u00bb.vc_custom_1448432556856{margin-bottom: 80px !important;}\u00bb][vc_column width=\u00bb1\/4&#8243;][stm_rev_slider_nav slider_id=\u00bb3&#8243; title=\u00bbTransporte Terrestre\u00bb icon=\u00bbstm-transport842&#8243; slide_number=\u00bb1&#8243;][\/vc_column][vc_column width=\u00bb1\/4&#8243;][stm_rev_slider_nav slider_id=\u00bb3&#8243; title=\u00bbTransporte A\u00e9reo\u00bb icon=\u00bbstm-transport839&#8243; slide_number=\u00bb2&#8243;][\/vc_column][vc_column width=\u00bb1\/4&#8243;][stm_rev_slider_nav slider_id=\u00bb3&#8243; title=\u00bbTransporte Maritimo\u00bb icon=\u00bbstm-ship\u00bb slide_number=\u00bb3&#8243;][\/vc_column][vc_column width=\u00bb1\/4&#8243;][stm_rev_slider_nav slider_id=\u00bb3&#8243; title=\u00bbAlmacenamiento\u00bb icon=\u00bbstm-warehouse\u00bb slide_number=\u00bb4&#8243;][\/vc_column][\/vc_row][vc_row css=\u00bb.vc_custom_1450264294682{margin-bottom: 80px !important;}\u00bb][vc_column width=\u00bb1\/2&#8243; offset=\u00bbvc_col-lg-6 vc_col-md-6&#8243;][vc_column_text]<span style=\"font-size: 24pt;\">COMEX SOLUTIONS<\/span><\/p>\n<p>COMEX SOLUTIONS, trabaja pensando en usted. Como una de las principales compa\u00f1\u00edas de logistica integral en el mundo, donde nuestra labor es buscar la mejor soluci\u00f3n para sus importaciones o exportaciones.<\/p>\n<p>Con m\u00e1s de 200 origines y destinos en el mundo, de donde se puede manejar todo tipo de carga.<\/p>\n<p>Nuestra servicio personalizado, es su sello de garantia.[\/vc_column_text][\/vc_column][vc_column width=\u00bb1\/2&#8243;][vc_video link=\u00bbhttps:\/\/www.youtube.com\/watch?v=EmIdx1Toqu0&#038;pp=ygUPY29tZXggc29sdXRpb25z\u00bb align=\u00bbcenter\u00bb][\/vc_column][\/vc_row][vc_row full_width=\u00bbstretch_row\u00bb css=\u00bb.vc_custom_1450270522171{margin-bottom: 0px !important;padding-top: 40px !important;padding-bottom: 14px !important;}\u00bb el_class=\u00bbsecondary_bg_color\u00bb][vc_column width=\u00bb1\/2&#8243; offset=\u00bbvc_col-lg-3 vc_col-md-3&#8243; css=\u00bb.vc_custom_1449142338264{margin-bottom: 30px !important;}\u00bb][stm_counter counter_value=\u00bb117&#8243; drawing=\u00bbyes\u00bb icon_width_svg=\u00bb65&#8243; icon_size=\u00bb64&#8243; title=\u00bbProyectos Concluidos\u00bb drawing_icon=\u00bbstm-projects-done\u00bb icon_color=\u00bb#ffffff\u00bb][\/vc_column][vc_column width=\u00bb1\/2&#8243; offset=\u00bbvc_col-lg-3 vc_col-md-3&#8243; css=\u00bb.vc_custom_1449142329000{margin-bottom: 30px !important;}\u00bb][stm_counter counter_value=\u00bb72&#8243; drawing=\u00bbyes\u00bb icon_width_svg=\u00bb64&#8243; icon_size=\u00bb68&#8243; title=\u00bbClientes \u00bb drawing_icon=\u00bbstm-clients-worldwide\u00bb icon_color=\u00bb#ffffff\u00bb][\/vc_column][vc_column width=\u00bb1\/2&#8243; offset=\u00bbvc_col-lg-3 vc_col-md-3&#8243; css=\u00bb.vc_custom_1449142343672{margin-bottom: 30px !important;}\u00bb][stm_counter counter_value=\u00bb87&#8243; drawing=\u00bbyes\u00bb icon_width=\u00bb80&#8243; icon_width_svg=\u00bb52&#8243; icon_size=\u00bb67&#8243; title=\u00bbManejos Realizados\u00bb drawing_icon=\u00bbstm-owned-vehicles\u00bb icon_color=\u00bb#ffffff\u00bb][\/vc_column][vc_column width=\u00bb1\/2&#8243; offset=\u00bbvc_col-lg-3 vc_col-md-3&#8243; css=\u00bb.vc_custom_1449142350247{margin-bottom: 30px !important;}\u00bb][stm_counter counter_value=\u00bb29&#8243; drawing=\u00bbyes\u00bb icon_width=\u00bb100&#8243; icon_width_svg=\u00bb68&#8243; icon_size=\u00bb67&#8243; title=\u00bbAlianzas Estrat\u00e9gicas \u00bb drawing_icon=\u00bbstm-people-in-team\u00bb icon_color=\u00bb#ffffff\u00bb][\/vc_column][\/vc_row][vc_row full_width=\u00bbstretch_row\u00bb css=\u00bb.vc_custom_1450269319951{margin-bottom: 0px !important;padding-top: 80px !important;padding-bottom: 80px !important;}\u00bb el_class=\u00bbbase_bg_color\u00bb][vc_column][stm_services posts_per_page=\u00bb12&#8243; autoplay=\u00bbyes\u00bb items_tablet=\u00bb3&#8243; items_normal=\u00bb\u00bb items_small=\u00bb\u00bb]<\/p>\n<h6><span style=\"font-size: 18pt;\"><strong><span style=\"color: #ffffff;\">SERVICIOS ESPECIALES<\/span><\/strong><\/span><\/h6>\n<p><span style=\"color: #ffffff;\">Conocidos por nuestra capacidad para manejar cada detalle de las necesidades particulares de nuestros clientes en log\u00edstica y env\u00edo, el equipo de Comex Solutions se encarga de toda su log\u00edstica.<\/span>[\/stm_services][\/vc_column][\/vc_row][vc_row full_width=\u00bbstretch_row\u00bb equal_height=\u00bbyes\u00bb parallax=\u00bbcontent-moving\u00bb parallax_image=\u00bb258&#8243; el_class=\u00bbconvert_to_table overlay\u00bb css=\u00bb.vc_custom_1450765517736{margin-bottom: 80px !important;}\u00bb][vc_column width=\u00bb1\/2&#8243; css=\u00bb.vc_custom_1450330273622{padding-top: 60px !important;padding-right: 0px !important;padding-bottom: 60px !important;}\u00bb][vc_custom_heading text=\u00bbLleva tu carga a su destino 100% segura\u00bb use_theme_fonts=\u00bbyes\u00bb el_class=\u00bbbase_font_color heading_without_line\u00bb][vc_column_text]<span style=\"font-size: 18pt;\">Lleva tu carga a su destino 100% segura<\/span><\/p>\n<p>Verificamos sus necesidades, con el fin de coordinar las cargas seg\u00fan sus requerimientos y solicitudes.[\/vc_column_text][vc_btn title=\u00bbContactanos\u00bb style=\u00bbflat\u00bb shape=\u00bbround\u00bb color=\u00bbtheme_style_3&#8243; i_align=\u00bbright\u00bb i_icon_fontawesome=\u00bbstm-arrow-next\u00bb add_icon=\u00bbtrue\u00bb][\/vc_column][vc_column width=\u00bb1\/2&#8243;][\/vc_column][\/vc_row][vc_row full_width=\u00bbstretch_row\u00bb equal_height=\u00bbyes\u00bb css=\u00bb.vc_custom_1450446724850{margin-bottom: 0px !important;margin-left: 0px !important;background-color: #f7f7f7 !important;}\u00bb el_class=\u00bbreset-sm-paddings\u00bb][vc_column css=\u00bb.vc_custom_1450444940366{padding-top: 80px !important;padding-bottom: 31px !important;}\u00bb offset=\u00bbvc_col-lg-5 vc_col-md-6&#8243;][vc_custom_heading text=\u00bbNuestros Servicios\u00bb use_theme_fonts=\u00bbyes\u00bb][vc_column_text]<span style=\"font-size: 24pt;\">Nuestros Servicios<\/span><\/p>\n<p>Disponemos de varios servicios que se ajustan a sus requerimientos:<\/p>\n<p>&nbsp;[\/vc_column_text][vc_row_inner css=\u00bb.vc_custom_1449127190171{margin-bottom: 0px !important;}\u00bb el_class=\u00bbreset-sm-paddings\u00bb][vc_column_inner width=\u00bb1\/2&#8243; css=\u00bb.vc_custom_1450423994691{margin-bottom: 44px !important;}\u00bb offset=\u00bbvc_col-xs-12&#8243;][stm_icon drawing=\u00bbyes\u00bb icon_position=\u00bbicon_position_left\u00bb icon_width_svg=\u00bb68&#8243; icon_size=\u00bb71&#8243; icon_width=\u00bb95&#8243; title_font_size=\u00bb14&#8243; title_font_weight=\u00bb600&#8243; title=\u00bbEmbalaje y<br \/>\nAlmacenamiento\u00bb drawing_icon=\u00bbstm-packaging-and-storage\u00bb][\/vc_column_inner][vc_column_inner width=\u00bb1\/2&#8243; css=\u00bb.vc_custom_1450423999162{margin-bottom: 44px !important;}\u00bb offset=\u00bbvc_col-xs-12&#8243;][stm_icon drawing=\u00bbyes\u00bb icon_position=\u00bbicon_position_left\u00bb icon_width_svg=\u00bb71&#8243; icon_size=\u00bb64&#8243; icon_width=\u00bb95&#8243; title_font_size=\u00bb14&#8243; title_font_weight=\u00bb600&#8243; title=\u00bbServicio de<br \/>\nWarehouse\u00bb drawing_icon=\u00bbstm-warehousing-service\u00bb][\/vc_column_inner][\/vc_row_inner][vc_row_inner css=\u00bb.vc_custom_1449127193884{margin-bottom: 0px !important;}\u00bb el_class=\u00bbreset-sm-paddings\u00bb][vc_column_inner width=\u00bb1\/2&#8243; css=\u00bb.vc_custom_1450424067703{margin-bottom: 44px !important;}\u00bb offset=\u00bbvc_col-xs-12&#8243;][stm_icon drawing=\u00bbyes\u00bb icon_position=\u00bbicon_position_left\u00bb icon_width_svg=\u00bb72&#8243; icon_size=\u00bb51&#8243; icon_width=\u00bb95&#8243; title_font_size=\u00bb14&#8243; title_font_weight=\u00bb600&#8243; title=\u00bbPick Ups \/<br \/>\nFlete Interno\u00bb drawing_icon=\u00bbstm-ground-transport\u00bb][\/vc_column_inner][vc_column_inner width=\u00bb1\/2&#8243; css=\u00bb.vc_custom_1450424075450{margin-bottom: 44px !important;}\u00bb offset=\u00bbvc_col-xs-12&#8243;][stm_icon drawing=\u00bbyes\u00bb icon_position=\u00bbicon_position_left\u00bb icon_width_svg=\u00bb77&#8243; icon_size=\u00bb50&#8243; icon_width=\u00bb95&#8243; title_font_size=\u00bb14&#8243; title_font_weight=\u00bb600&#8243; title=\u00bbServicios<br \/>\nLog\u00edsticos \u00bb drawing_icon=\u00bbstm-logistic-services\u00bb][\/vc_column_inner][\/vc_row_inner][\/vc_column][vc_column offset=\u00bbvc_col-lg-7 vc_col-md-6&#8243; css=\u00bb.vc_custom_1450444946350{padding-left: 45px !important;}\u00bb][vc_row_inner el_class=\u00bbreset-sm-paddings\u00bb][vc_column_inner el_class=\u00bbbase_bg_color\u00bb css=\u00bb.vc_custom_1450423858601{padding-top: 80px !important;padding-right: 40px !important;padding-bottom: 50px !important;padding-left: 40px !important;}\u00bb][vc_custom_heading text=\u00bbCotiza con Nosotros\u00bb font_container=\u00bbtag:h2|text_align:left|color:%23ffffff\u00bb use_theme_fonts=\u00bbyes\u00bb]\n<div class=\"wpcf7 no-js\" id=\"wpcf7-f208-o1\" lang=\"en-US\" dir=\"ltr\">\n<div class=\"screen-reader-response\"><p role=\"status\" aria-live=\"polite\" aria-atomic=\"true\"><\/p> <ul><\/ul><\/div>\n<form action=\"\/index.php?rest_route=%2Fwp%2Fv2%2Fpages%2F618#wpcf7-f208-o1\" method=\"post\" class=\"wpcf7-form init\" aria-label=\"Contact form\" novalidate=\"novalidate\" data-status=\"init\">\n<div style=\"display: none;\">\n<input type=\"hidden\" name=\"_wpcf7\" value=\"208\" \/>\n<input type=\"hidden\" name=\"_wpcf7_version\" value=\"5.9.8\" \/>\n<input type=\"hidden\" name=\"_wpcf7_locale\" value=\"en_US\" \/>\n<input type=\"hidden\" name=\"_wpcf7_unit_tag\" value=\"wpcf7-f208-o1\" \/>\n<input type=\"hidden\" name=\"_wpcf7_container_post\" value=\"0\" \/>\n<input type=\"hidden\" name=\"_wpcf7_posted_data_hash\" value=\"\" \/>\n<\/div>\n<div class=\"request_quote\">\n\t<div class=\"row\">\n\t\t<div class=\"col-lg-6 col-md-6 col-sm-6 col-xs-12\">\n\t\t\t<div class=\"input-group\">\n\t\t\t\t<p><span class=\"wpcf7-form-control-wrap\" data-name=\"freight_type\"><select class=\"wpcf7-form-control wpcf7-select wpcf7-validates-as-required\" aria-required=\"true\" aria-invalid=\"false\" name=\"freight_type\"><option value=\"\">Modalidad de Embarque<\/option><option value=\"Mar\u00edtimo\">Mar\u00edtimo<\/option><option value=\"A\u00e9reo\">A\u00e9reo<\/option><option value=\"Terrestre\">Terrestre<\/option><option value=\"Multimodal\">Multimodal<\/option><\/select><\/span>\n\t\t\t\t<\/p>\n\t\t\t<\/div>\n\t\t\t<div class=\"input-group\">\n\t\t\t\t<p><span class=\"wpcf7-form-control-wrap\" data-name=\"departure_city\"><input size=\"40\" maxlength=\"400\" class=\"wpcf7-form-control wpcf7-text wpcf7-validates-as-required\" aria-required=\"true\" aria-invalid=\"false\" placeholder=\"Origen\" value=\"\" type=\"text\" name=\"departure_city\" \/><\/span>\n\t\t\t\t<\/p>\n\t\t\t<\/div>\n\t\t\t<div class=\"input-group\">\n\t\t\t\t<p><span class=\"wpcf7-form-control-wrap\" data-name=\"delivery_city\"><input size=\"40\" maxlength=\"400\" class=\"wpcf7-form-control wpcf7-text wpcf7-validates-as-required\" aria-required=\"true\" aria-invalid=\"false\" placeholder=\"Destino\" value=\"\" type=\"text\" name=\"delivery_city\" \/><\/span>\n\t\t\t\t<\/p>\n\t\t\t<\/div>\n\t\t\t<div class=\"input-group\">\n\t\t\t\t<p><span class=\"wpcf7-form-control-wrap\" data-name=\"incoterms\"><select class=\"wpcf7-form-control wpcf7-select\" aria-invalid=\"false\" name=\"incoterms\"><option value=\"\">Incoterms<\/option><option value=\"EXW\">EXW<\/option><option value=\"FCA\">FCA<\/option><option value=\"CPT\">CPT<\/option><option value=\"CIP\">CIP<\/option><option value=\"DAT\">DAT<\/option><option value=\"DAP\">DAP<\/option><option value=\"DDP\">DDP<\/option><option value=\"FAS\">FAS<\/option><option value=\"FOB\">FOB<\/option><option value=\"CFR\">CFR<\/option><option value=\"CIF\">CIF<\/option><\/select><\/span>\n\t\t\t\t<\/p>\n\t\t\t<\/div>\n\t\t\t<div class=\"input-group\">\n\t\t\t\t<p><span class=\"wpcf7-form-control-wrap\" data-name=\"total_weight\"><input size=\"40\" maxlength=\"400\" class=\"wpcf7-form-control wpcf7-text\" aria-invalid=\"false\" placeholder=\"Peso Total en KG\" value=\"\" type=\"text\" name=\"total_weight\" \/><\/span>\n\t\t\t\t<\/p>\n\t\t\t<\/div>\n\t\t<\/div>\n\t\t<div class=\"col-lg-6 col-md-6 col-sm-6 col-xs-12\">\n\t\t\t<div class=\"input-group\">\n\t\t\t\t<p><span class=\"wpcf7-form-control-wrap\" data-name=\"dimension\"><input size=\"40\" maxlength=\"400\" class=\"wpcf7-form-control wpcf7-text\" aria-invalid=\"false\" placeholder=\"Dimensiones\" value=\"\" type=\"text\" name=\"dimension\" \/><\/span>\n\t\t\t\t<\/p>\n\t\t\t<\/div>\n\t\t\t<div class=\"input-group\">\n\t\t\t\t<p><span class=\"wpcf7-form-control-wrap\" data-name=\"email\"><input size=\"40\" maxlength=\"400\" class=\"wpcf7-form-control wpcf7-email wpcf7-validates-as-required wpcf7-text wpcf7-validates-as-email\" aria-required=\"true\" aria-invalid=\"false\" placeholder=\"E-mail\" value=\"\" type=\"email\" name=\"email\" \/><\/span>\n\t\t\t\t<\/p>\n\t\t\t<\/div>\n\t\t\t<div class=\"input-group\">\n\t\t\t\t<p><span class=\"wpcf7-form-control-wrap\" data-name=\"contact\"><input size=\"40\" maxlength=\"400\" class=\"wpcf7-form-control wpcf7-text wpcf7-validates-as-required\" aria-required=\"true\" aria-invalid=\"false\" value=\"Contacto\" type=\"text\" name=\"contact\" \/><\/span>\n\t\t\t\t<\/p>\n\t\t\t<\/div>\n\t\t\t<div class=\"input-group\">\n\t\t\t\t<p><span class=\"wpcf7-form-control-wrap\" data-name=\"message\"><textarea cols=\"40\" rows=\"10\" maxlength=\"2000\" class=\"wpcf7-form-control wpcf7-textarea\" aria-invalid=\"false\" placeholder=\"Descripci\u00f3n de la Carga &amp; Observaciones\" name=\"message\"><\/textarea><\/span>\n\t\t\t\t<\/p>\n\t\t\t<\/div>\n\t\t\t<div class=\"input-group\">\n\t\t\t\t<p><button class=\"button size-sm fullwidth white-text theme-wpcf7-submit\">Submit <i class=\"stm-arrow-next\"><\/i><\/button>\n\t\t\t\t<\/p>\n\t\t\t<\/div>\n\t\t<\/div>\n\t<\/div>\n<\/div><p style=\"display: none !important;\" class=\"akismet-fields-container\" data-prefix=\"_wpcf7_ak_\"><label>&#916;<textarea name=\"_wpcf7_ak_hp_textarea\" cols=\"45\" rows=\"8\" maxlength=\"100\"><\/textarea><\/label><input type=\"hidden\" id=\"ak_js_1\" name=\"_wpcf7_ak_js\" value=\"33\"\/><script>document.getElementById( \"ak_js_1\" ).setAttribute( \"value\", ( new Date() ).getTime() );<\/script><\/p><div class=\"wpcf7-response-output\" aria-hidden=\"true\"><\/div>\n<\/form>\n<\/div>\n[\/vc_column_inner][\/vc_row_inner][\/vc_column][\/vc_row][vc_row full_width=\u00bbstretch_row_content_no_spaces\u00bb css=\u00bb.vc_custom_1446716672180{margin-bottom: 0px !important;}\u00bb][vc_column][stm_gmap map_zoom=\u00bb18&#8243; disable_mouse_whell=\u00bbdisable\u00bb marker=\u00bb1241&#8243;][stm_gmap_address title=\u00bbQuito- Ecuador\u00bb address=\u00bbMatriz Isla Baltra E3-02 y Jorge Drom, Quito \u00bb phone=\u00bb+5 93 25110467&#8243; email=\u00bbventasuio@comex-solutions.com\u00bb lat=\u00bb-0.1664239&#8243; lng=\u00bb-78.4847029&#8243;][stm_gmap_address title=\u00bbShanghai &#8211; China\u00bb address=\u00bb358 East Daming Road Shanghai, Shanghai 200080 China\u00bb phone=\u00bb+8621 55333388&#8243; email=\u00bbventascn@comex-solutions.com\u00bb lat=\u00bb31.1521636&#8243; lng=\u00bb121.1195519&#8243;][stm_gmap_address title=\u00bbGuayaquil &#8211; Ecuador\u00bb address=\u00bbEdificio The Point, Numa Pompilio Llona, Guayaquil\u00bb phone=\u00bb+593 984085365&#8243; email=\u00bbventasgye@comex-solutions.com\u00bb lat=\u00bb-2.177638328878203&#8243; lng=\u00bb-79.87602395195644&#8243;][\/stm_gmap][\/vc_column][\/vc_row]<\/p>\n<\/div>","protected":false},"excerpt":{"rendered":"<p>[vc_row full_width=\u00bbstretch_row_content_no_spaces\u00bb css=\u00bb.vc_custom_1445941555299{margin-bottom: 0px !important;}\u00bb][vc_column offset=\u00bbvc_hidden-xs\u00bb][rev_slider_vc alias=\u00bbmain_slider\u00bb][\/vc_column][\/vc_row][vc_row full_width=\u00bbstretch_row\u00bb el_class=\u00bbbase_bg_color no_overflow_hidden\u00bb css=\u00bb.vc_custom_1448432556856{margin-bottom: 80px !important;}\u00bb][vc_column width=\u00bb1\/4&#8243;][stm_rev_slider_nav slider_id=\u00bb3&#8243; title=\u00bbTransporte Terrestre\u00bb icon=\u00bbstm-transport842&#8243; slide_number=\u00bb1&#8243;][\/vc_column][vc_column width=\u00bb1\/4&#8243;][stm_rev_slider_nav slider_id=\u00bb3&#8243; title=\u00bbTransporte A\u00e9reo\u00bb icon=\u00bbstm-transport839&#8243; slide_number=\u00bb2&#8243;][\/vc_column][vc_column width=\u00bb1\/4&#8243;][stm_rev_slider_nav slider_id=\u00bb3&#8243; title=\u00bbTransporte Maritimo\u00bb icon=\u00bbstm-ship\u00bb slide_number=\u00bb3&#8243;][\/vc_column][vc_column width=\u00bb1\/4&#8243;][stm_rev_slider_nav slider_id=\u00bb3&#8243;&#8230;<\/p>\n","protected":false},"author":1,"featured_media":0,"parent":0,"menu_order":0,"comment_status":"closed","ping_status":"open","template":"","meta":{"_et_pb_use_builder":"","_et_pb_old_content":"","_et_gb_content_width":"","_monsterinsights_skip_tracking":false,"_monsterinsights_sitenote_active":false,"_monsterinsights_sitenote_note":"","_monsterinsights_sitenote_category":0,"_uf_show_specific_survey":0,"_uf_disable_surveys":false,"footnotes":""},"class_list":["post-618","page","type-page","status-publish","hentry"],"yoast_head":"<!-- This site is optimized with the Yoast SEO plugin v23.6 - https:\/\/yoast.com\/wordpress\/plugins\/seo\/ -->\n<title>INICIO - COMEX SOLUTIONS<\/title>\n<meta name=\"description\" content=\"Nuestra firma se especializa en brindarte soluciones en importaciones y exportaciones con una extensa red de agentes a nivel mundial.\" \/>\n<meta name=\"robots\" content=\"index, follow, max-snippet:-1, max-image-preview:large, max-video-preview:-1\" \/>\n<link rel=\"canonical\" href=\"https:\/\/comex-solutions.com\/\" \/>\n<meta property=\"og:locale\" content=\"es_ES\" \/>\n<meta property=\"og:type\" content=\"article\" \/>\n<meta property=\"og:title\" content=\"INICIO - COMEX SOLUTIONS\" \/>\n<meta property=\"og:description\" content=\"Nuestra firma se especializa en brindarte soluciones en importaciones y exportaciones con una extensa red de agentes a nivel mundial.\" \/>\n<meta property=\"og:url\" content=\"https:\/\/comex-solutions.com\/\" \/>\n<meta property=\"og:site_name\" content=\"COMEX SOLUTIONS\" \/>\n<meta property=\"article:publisher\" content=\"https:\/\/es-la.facebook.com\/comexsolutionsec\/\" \/>\n<meta property=\"article:modified_time\" content=\"2023-05-05T21:02:38+00:00\" \/>\n<meta property=\"og:image\" content=\"http:\/\/comex-solutions.com\/wp-content\/uploads\/2019\/07\/logo-IMPOR-EXPO.png\" \/>\n\t<meta property=\"og:image:width\" content=\"2986\" \/>\n\t<meta property=\"og:image:height\" content=\"1427\" \/>\n\t<meta property=\"og:image:type\" content=\"image\/png\" \/>\n<meta name=\"twitter:card\" content=\"summary_large_image\" \/>\n<meta name=\"twitter:label1\" content=\"Tiempo de lectura\" \/>\n\t<meta name=\"twitter:data1\" content=\"3 minutos\" \/>\n<script type=\"application\/ld+json\" class=\"yoast-schema-graph\">{\"@context\":\"https:\/\/schema.org\",\"@graph\":[{\"@type\":\"WebPage\",\"@id\":\"https:\/\/comex-solutions.com\/\",\"url\":\"https:\/\/comex-solutions.com\/\",\"name\":\"INICIO - COMEX SOLUTIONS\",\"isPartOf\":{\"@id\":\"https:\/\/comex-solutions.com\/#website\"},\"datePublished\":\"2015-10-21T07:42:32+00:00\",\"dateModified\":\"2023-05-05T21:02:38+00:00\",\"description\":\"Nuestra firma se especializa en brindarte soluciones en importaciones y exportaciones con una extensa red de agentes a nivel mundial.\",\"breadcrumb\":{\"@id\":\"https:\/\/comex-solutions.com\/#breadcrumb\"},\"inLanguage\":\"es\",\"potentialAction\":[{\"@type\":\"ReadAction\",\"target\":[\"https:\/\/comex-solutions.com\/\"]}]},{\"@type\":\"BreadcrumbList\",\"@id\":\"https:\/\/comex-solutions.com\/#breadcrumb\",\"itemListElement\":[{\"@type\":\"ListItem\",\"position\":1,\"name\":\"Portada\",\"item\":\"https:\/\/comex-solutions.com\/\"},{\"@type\":\"ListItem\",\"position\":2,\"name\":\"INICIO\"}]},{\"@type\":\"WebSite\",\"@id\":\"https:\/\/comex-solutions.com\/#website\",\"url\":\"https:\/\/comex-solutions.com\/\",\"name\":\"COMEX SOLUTIONS\",\"description\":\"IMPORTACIONES Y EXPORTACIONES\",\"publisher\":{\"@id\":\"https:\/\/comex-solutions.com\/#organization\"},\"potentialAction\":[{\"@type\":\"SearchAction\",\"target\":{\"@type\":\"EntryPoint\",\"urlTemplate\":\"https:\/\/comex-solutions.com\/?s={search_term_string}\"},\"query-input\":{\"@type\":\"PropertyValueSpecification\",\"valueRequired\":true,\"valueName\":\"search_term_string\"}}],\"inLanguage\":\"es\"},{\"@type\":\"Organization\",\"@id\":\"https:\/\/comex-solutions.com\/#organization\",\"name\":\"COMEX SOLUTIONS\",\"url\":\"https:\/\/comex-solutions.com\/\",\"logo\":{\"@type\":\"ImageObject\",\"inLanguage\":\"es\",\"@id\":\"https:\/\/comex-solutions.com\/#\/schema\/logo\/image\/\",\"url\":\"http:\/\/comex-solutions.com\/wp-content\/uploads\/2017\/08\/LOGO-CON-FONDO.png\",\"contentUrl\":\"http:\/\/comex-solutions.com\/wp-content\/uploads\/2017\/08\/LOGO-CON-FONDO.png\",\"width\":2995,\"height\":1134,\"caption\":\"COMEX SOLUTIONS\"},\"image\":{\"@id\":\"https:\/\/comex-solutions.com\/#\/schema\/logo\/image\/\"},\"sameAs\":[\"https:\/\/es-la.facebook.com\/comexsolutionsec\/\",\"https:\/\/www.instagram.com\/comexsolutions\/?hl=es-la\"]}]}<\/script>\n<!-- \/ Yoast SEO plugin. -->","yoast_head_json":{"title":"INICIO - COMEX SOLUTIONS","description":"Nuestra firma se especializa en brindarte soluciones en importaciones y exportaciones con una extensa red de agentes a nivel mundial.","robots":{"index":"index","follow":"follow","max-snippet":"max-snippet:-1","max-image-preview":"max-image-preview:large","max-video-preview":"max-video-preview:-1"},"canonical":"https:\/\/comex-solutions.com\/","og_locale":"es_ES","og_type":"article","og_title":"INICIO - COMEX SOLUTIONS","og_description":"Nuestra firma se especializa en brindarte soluciones en importaciones y exportaciones con una extensa red de agentes a nivel mundial.","og_url":"https:\/\/comex-solutions.com\/","og_site_name":"COMEX SOLUTIONS","article_publisher":"https:\/\/es-la.facebook.com\/comexsolutionsec\/","article_modified_time":"2023-05-05T21:02:38+00:00","og_image":[{"width":2986,"height":1427,"url":"http:\/\/comex-solutions.com\/wp-content\/uploads\/2019\/07\/logo-IMPOR-EXPO.png","type":"image\/png"}],"twitter_card":"summary_large_image","twitter_misc":{"Tiempo de lectura":"3 minutos"},"schema":{"@context":"https:\/\/schema.org","@graph":[{"@type":"WebPage","@id":"https:\/\/comex-solutions.com\/","url":"https:\/\/comex-solutions.com\/","name":"INICIO - COMEX SOLUTIONS","isPartOf":{"@id":"https:\/\/comex-solutions.com\/#website"},"datePublished":"2015-10-21T07:42:32+00:00","dateModified":"2023-05-05T21:02:38+00:00","description":"Nuestra firma se especializa en brindarte soluciones en importaciones y exportaciones con una extensa red de agentes a nivel mundial.","breadcrumb":{"@id":"https:\/\/comex-solutions.com\/#breadcrumb"},"inLanguage":"es","potentialAction":[{"@type":"ReadAction","target":["https:\/\/comex-solutions.com\/"]}]},{"@type":"BreadcrumbList","@id":"https:\/\/comex-solutions.com\/#breadcrumb","itemListElement":[{"@type":"ListItem","position":1,"name":"Portada","item":"https:\/\/comex-solutions.com\/"},{"@type":"ListItem","position":2,"name":"INICIO"}]},{"@type":"WebSite","@id":"https:\/\/comex-solutions.com\/#website","url":"https:\/\/comex-solutions.com\/","name":"COMEX SOLUTIONS","description":"IMPORTACIONES Y EXPORTACIONES","publisher":{"@id":"https:\/\/comex-solutions.com\/#organization"},"potentialAction":[{"@type":"SearchAction","target":{"@type":"EntryPoint","urlTemplate":"https:\/\/comex-solutions.com\/?s={search_term_string}"},"query-input":{"@type":"PropertyValueSpecification","valueRequired":true,"valueName":"search_term_string"}}],"inLanguage":"es"},{"@type":"Organization","@id":"https:\/\/comex-solutions.com\/#organization","name":"COMEX SOLUTIONS","url":"https:\/\/comex-solutions.com\/","logo":{"@type":"ImageObject","inLanguage":"es","@id":"https:\/\/comex-solutions.com\/#\/schema\/logo\/image\/","url":"http:\/\/comex-solutions.com\/wp-content\/uploads\/2017\/08\/LOGO-CON-FONDO.png","contentUrl":"http:\/\/comex-solutions.com\/wp-content\/uploads\/2017\/08\/LOGO-CON-FONDO.png","width":2995,"height":1134,"caption":"COMEX SOLUTIONS"},"image":{"@id":"https:\/\/comex-solutions.com\/#\/schema\/logo\/image\/"},"sameAs":["https:\/\/es-la.facebook.com\/comexsolutionsec\/","https:\/\/www.instagram.com\/comexsolutions\/?hl=es-la"]}]}},"_links":{"self":[{"href":"https:\/\/comex-solutions.com\/index.php?rest_route=\/wp\/v2\/pages\/618","targetHints":{"allow":["GET"]}}],"collection":[{"href":"https:\/\/comex-solutions.com\/index.php?rest_route=\/wp\/v2\/pages"}],"about":[{"href":"https:\/\/comex-solutions.com\/index.php?rest_route=\/wp\/v2\/types\/page"}],"author":[{"embeddable":true,"href":"https:\/\/comex-solutions.com\/index.php?rest_route=\/wp\/v2\/users\/1"}],"replies":[{"embeddable":true,"href":"https:\/\/comex-solutions.com\/index.php?rest_route=%2Fwp%2Fv2%2Fcomments&post=618"}],"version-history":[{"count":54,"href":"https:\/\/comex-solutions.com\/index.php?rest_route=\/wp\/v2\/pages\/618\/revisions"}],"predecessor-version":[{"id":1496,"href":"https:\/\/comex-solutions.com\/index.php?rest_route=\/wp\/v2\/pages\/618\/revisions\/1496"}],"wp:attachment":[{"href":"https:\/\/comex-solutions.com\/index.php?rest_route=%2Fwp%2Fv2%2Fmedia&parent=618"}],"curies":[{"name":"wp","href":"https:\/\/api.w.org\/{rel}","templated":true}]}}