{"id":455,"date":"2015-11-17T06:59:03","date_gmt":"2015-11-17T06:59:03","guid":{"rendered":"http:\/\/cdn.logistics.stylemixthemes.com\/demo\/?page_id=455"},"modified":"2017-08-28T21:59:20","modified_gmt":"2017-08-28T21:59:20","slug":"incoterms","status":"publish","type":"page","link":"https:\/\/comex-solutions.com\/?page_id=455","title":{"rendered":"Incoterms"},"content":{"rendered":"<div class=\"wpb-content-wrapper\"><p>[vc_row][vc_column width=\u00bb1\/4&#8243; offset=\u00bbvc_hidden-sm vc_hidden-xs\u00bb][stm_sidebar sidebar=\u00bb784&#8243;][\/vc_column][vc_column offset=\u00bbvc_col-lg-9 vc_col-md-9&#8243;][vc_column_text css=\u00bb.vc_custom_1499792060377{margin-bottom: 60px !important;}\u00bb]<\/p>\n<h2>\u00bfQu\u00e9 son los Incoterms?<\/h2>\n<p>Son las reglas sobre el uso de t\u00e9rminos nacionales e internacionales Incoterms 2010 de la C\u00e1mara de Comercio Internacional, facilitan el proceso de las negociaciones globales, los mismos definen obligaciones y derechos del comprador y vendedor, describen las tareas, costos y riesgos que implica la entrega de mercanc\u00eda de la empresa vendedora a la compradora, siempre y cuando el Incoterm 2010 se encuentre establecido en el contrato de compraventa.[\/vc_column_text][vc_row_inner css=\u00bb.vc_custom_1449205358710{margin-bottom: 0px !important;}\u00bb][vc_column_inner width=\u00bb1\/2&#8243; css=\u00bb.vc_custom_1449205271760{margin-bottom: 30px !important;}\u00bb][vc_column_text css=\u00bb.vc_custom_1499792251788{border-top-width: 1px !important;border-right-width: 1px !important;border-bottom-width: 1px !important;border-left-width: 1px !important;padding-top: 40px !important;padding-right: 30px !important;padding-bottom: 40px !important;padding-left: 30px !important;border-left-color: #e6e6e6 !important;border-left-style: solid !important;border-right-color: #e6e6e6 !important;border-right-style: solid !important;border-top-color: #e6e6e6 !important;border-top-style: solid !important;border-bottom-color: #e6e6e6 !important;border-bottom-style: solid !important;}\u00bb]<\/p>\n<h5>EXW (EX Works)<\/h5>\n<p>Significa que el vendedor cumple su obligaci\u00f3n de entrega cuando pone la mercanc\u00eda, en su establecimiento (f\u00e1brica, almac\u00e9n, etc.), a disposici\u00f3n del comprador.<\/p>\n<p>El incoterm EXW se puede utilizar con cualquier tipo de transporte o con una combinaci\u00f3n de ellos. El comprador asume el grueso de los gastos con esta modalidad.[\/vc_column_text][\/vc_column_inner][vc_column_inner width=\u00bb1\/2&#8243; css=\u00bb.vc_custom_1449205275416{margin-bottom: 30px !important;}\u00bb][vc_column_text css=\u00bb.vc_custom_1499792454548{border-top-width: 1px !important;border-right-width: 1px !important;border-bottom-width: 1px !important;border-left-width: 1px !important;padding-top: 40px !important;padding-right: 30px !important;padding-bottom: 40px !important;padding-left: 30px !important;border-left-color: #e6e6e6 !important;border-left-style: solid !important;border-right-color: #e6e6e6 !important;border-right-style: solid !important;border-top-color: #e6e6e6 !important;border-top-style: solid !important;border-bottom-color: #e6e6e6 !important;border-bottom-style: solid !important;}\u00bb]<\/p>\n<h5>FCA (Free Carrier)<\/h5>\n<p>El vendedor cumple su obligaci\u00f3n de entregar la mercanc\u00eda cuando la pone despachada en aduana para la exportaci\u00f3n, a cargo del transportista nombrado por el comprador o persona designada por \u00e9l en el lugar o punto fijado, si no es as\u00ed el vendedor podr\u00e1 escoger dentro de la zona estipulada el lugar o punto de entrega. El vendedor se compromete a entregar la mercanc\u00eda en un punto acordado dentro del pa\u00eds de origen (generalmente relacionado con los espacios del transportista).[\/vc_column_text][\/vc_column_inner][\/vc_row_inner][vc_row_inner css=\u00bb.vc_custom_1449205362814{margin-bottom: 0px !important;}\u00bb][vc_column_inner width=\u00bb1\/2&#8243; css=\u00bb.vc_custom_1449205285360{margin-bottom: 30px !important;}\u00bb][vc_column_text css=\u00bb.vc_custom_1499792543157{border-top-width: 1px !important;border-right-width: 1px !important;border-bottom-width: 1px !important;border-left-width: 1px !important;padding-top: 40px !important;padding-right: 30px !important;padding-bottom: 40px !important;padding-left: 30px !important;border-left-color: #e6e6e6 !important;border-left-style: solid !important;border-right-color: #e6e6e6 !important;border-right-style: solid !important;border-top-color: #e6e6e6 !important;border-top-style: solid !important;border-bottom-color: #e6e6e6 !important;border-bottom-style: solid !important;}\u00bb]<\/p>\n<h5>CPT (Carriage Paid To)<\/h5>\n<p>El vendedor paga el flete del transporte de la mercanc\u00eda hasta el destino mencionado. El riesgo de p\u00e9rdida o da\u00f1o de la mercanc\u00eda, as\u00ed como cualquier gasto adicional debido a acontecimientos que ocurran despu\u00e9s del momento en que la mercanc\u00eda haya sido entregada al transportista, se transfiere del vendedor al comprador cuando la mercanc\u00eda ha sido entregada a la custodia del transportista, habiendo abonado el vendedor el seguro de la mercanc\u00eda.<\/p>\n<p>Este t\u00e9rmino exige que el vendedor despache la mercanc\u00eda en aduana para la exportaci\u00f3n, adem\u00e1s puede usarse con cualquier modo de transporte, incluido el multimodal.[\/vc_column_text][\/vc_column_inner][vc_column_inner width=\u00bb1\/2&#8243; css=\u00bb.vc_custom_1449205289319{margin-bottom: 30px !important;}\u00bb][vc_column_text css=\u00bb.vc_custom_1499792571698{border-top-width: 1px !important;border-right-width: 1px !important;border-bottom-width: 1px !important;border-left-width: 1px !important;padding-top: 40px !important;padding-right: 30px !important;padding-bottom: 40px !important;padding-left: 30px !important;border-left-color: #e6e6e6 !important;border-left-style: solid !important;border-right-color: #e6e6e6 !important;border-right-style: solid !important;border-top-color: #e6e6e6 !important;border-top-style: solid !important;border-bottom-color: #e6e6e6 !important;border-bottom-style: solid !important;}\u00bb]<\/p>\n<h5>CIP (Carriage &amp; Insurance Paid)<\/h5>\n<p>El vendedor se hace cargo de todos los costes, incluidos el transporte principal y el seguro, hasta que la mercanc\u00eda llegue al punto convenido en el pa\u00eds de destino. El riesgo se transfiere al comprador en el momento de la entrega de la mercanc\u00eda al transportista dentro del pa\u00eds de origen. El vendedor contrata el seguro y paga la correspondiente prima. En caso de que el comprador deseara una cobertura mayor a la contratada deber\u00e1 acordarlo con el vendedor o contratar su propio seguro adicional.<\/p>\n<p>Este t\u00e9rmino exige que el vendedor despache la mercanc\u00eda en aduana para la exportaci\u00f3n y puede usarse con cualquier modo de transporte, incluido el transporte multimodal.[\/vc_column_text][\/vc_column_inner][\/vc_row_inner][vc_row_inner css=\u00bb.vc_custom_1449205366726{margin-bottom: 0px !important;}\u00bb][vc_column_inner width=\u00bb1\/2&#8243; css=\u00bb.vc_custom_1449205299487{margin-bottom: 30px !important;}\u00bb][vc_column_text css=\u00bb.vc_custom_1499792657033{border-top-width: 1px !important;border-right-width: 1px !important;border-bottom-width: 1px !important;border-left-width: 1px !important;padding-top: 40px !important;padding-right: 30px !important;padding-bottom: 40px !important;padding-left: 30px !important;border-left-color: #e6e6e6 !important;border-left-style: solid !important;border-right-color: #e6e6e6 !important;border-right-style: solid !important;border-top-color: #e6e6e6 !important;border-top-style: solid !important;border-bottom-color: #e6e6e6 !important;border-bottom-style: solid !important;}\u00bb]<\/p>\n<h5>DAT (Delivered at Terminal)<\/h5>\n<p>El vendedor asume todos los costes, incluidos el transporte principal y el seguro (no obligatorio). Hasta que la mercanc\u00eda se coloca en la Terminal definida, asumiendo los riesgos hasta ese momento.[\/vc_column_text][\/vc_column_inner][vc_column_inner width=\u00bb1\/2&#8243; css=\u00bb.vc_custom_1449205304478{margin-bottom: 30px !important;}\u00bb][vc_column_text css=\u00bb.vc_custom_1499792676525{border-top-width: 1px !important;border-right-width: 1px !important;border-bottom-width: 1px !important;border-left-width: 1px !important;padding-top: 40px !important;padding-right: 30px !important;padding-bottom: 40px !important;padding-left: 30px !important;border-left-color: #e6e6e6 !important;border-left-style: solid !important;border-right-color: #e6e6e6 !important;border-right-style: solid !important;border-top-color: #e6e6e6 !important;border-top-style: solid !important;border-bottom-color: #e6e6e6 !important;border-bottom-style: solid !important;}\u00bb]<\/p>\n<h5>DAP (Delivered at Place)<\/h5>\n<p>El vendedor asume todos los costes, incluidos el transporte principal y el seguro (no obligatorio), hasta que la mercanc\u00eda se despacha en la Terminal definida. Asumiendo los riesgos hasta el momento.[\/vc_column_text][\/vc_column_inner][\/vc_row_inner][vc_row_inner css=\u00bb.vc_custom_1449205370636{margin-bottom: 0px !important;}\u00bb][vc_column_inner width=\u00bb1\/2&#8243; css=\u00bb.vc_custom_1449205314631{margin-bottom: 30px !important;}\u00bb][vc_column_text css=\u00bb.vc_custom_1499792735402{border-top-width: 1px !important;border-right-width: 1px !important;border-bottom-width: 1px !important;border-left-width: 1px !important;padding-top: 40px !important;padding-right: 30px !important;padding-bottom: 40px !important;padding-left: 30px !important;border-left-color: #e6e6e6 !important;border-left-style: solid !important;border-right-color: #e6e6e6 !important;border-right-style: solid !important;border-top-color: #e6e6e6 !important;border-top-style: solid !important;border-bottom-color: #e6e6e6 !important;border-bottom-style: solid !important;}\u00bb]<\/p>\n<h5>DDP (Delivered Duty Paid)<\/h5>\n<p>El t\u00e9rmino DDP significa el m\u00e1ximo de obligaciones para el vendedor y no debe utilizarse si el vendedor no puede obtener la licencia de importaci\u00f3n.<\/p>\n<p>El vendedor paga todos los gastos hasta dejar la mercanc\u00eda en el punto convenido en el pa\u00eds de destino. El comprador no realiza ning\u00fan tipo de tr\u00e1mite. Los gastos de aduana de importaci\u00f3n son asumidos por el vendedor.[\/vc_column_text][\/vc_column_inner][vc_column_inner width=\u00bb1\/2&#8243; css=\u00bb.vc_custom_1449205320310{margin-bottom: 30px !important;}\u00bb][vc_column_text css=\u00bb.vc_custom_1499792718080{border-top-width: 1px !important;border-right-width: 1px !important;border-bottom-width: 1px !important;border-left-width: 1px !important;padding-top: 40px !important;padding-right: 30px !important;padding-bottom: 40px !important;padding-left: 30px !important;border-left-color: #e6e6e6 !important;border-left-style: solid !important;border-right-color: #e6e6e6 !important;border-right-style: solid !important;border-top-color: #e6e6e6 !important;border-top-style: solid !important;border-bottom-color: #e6e6e6 !important;border-bottom-style: solid !important;}\u00bb]<\/p>\n<h5>FAS (Free Alongside Ship)<\/h5>\n<p>T\u00e9rmino utilizado exclusivamente cuando el transporte de la mercanc\u00eda se realiza por barco (mar o v\u00edas fluviales de navegaci\u00f3n interior).<\/p>\n<p>El vendedor cumple con su obligaci\u00f3n de entrega cuando la mercanc\u00eda ha sido colocada al costado del buque, sobre el muelle o en barcazas, en el puerto de embarque convenido. Exige que el comprador despache la mercanc\u00eda en aduana para la exportaci\u00f3n.[\/vc_column_text][\/vc_column_inner][\/vc_row_inner][vc_row_inner css=\u00bb.vc_custom_1449205379621{margin-bottom: 0px !important;}\u00bb][vc_column_inner width=\u00bb1\/2&#8243; css=\u00bb.vc_custom_1449205334719{margin-bottom: 30px !important;}\u00bb][vc_column_text css=\u00bb.vc_custom_1499792755118{border-top-width: 1px !important;border-right-width: 1px !important;border-bottom-width: 1px !important;border-left-width: 1px !important;padding-top: 40px !important;padding-right: 30px !important;padding-bottom: 40px !important;padding-left: 30px !important;border-left-color: #e6e6e6 !important;border-left-style: solid !important;border-right-color: #e6e6e6 !important;border-right-style: solid !important;border-top-color: #e6e6e6 !important;border-top-style: solid !important;border-bottom-color: #e6e6e6 !important;border-bottom-style: solid !important;}\u00bb]<\/p>\n<h5>FOB (Free on Board)<\/h5>\n<p>T\u00e9rmino utilizado exclusivamente cuando el transporte de la mercanc\u00eda se realiza por barco (mar o v\u00edas fluviales de navegaci\u00f3n interior).<\/p>\n<p>El vendedor cumple con su obligaci\u00f3n de entrega cuando la mercanc\u00eda ha sobrepasado la borda del buque en el puerto de embarque convenido. El vendedor tiene que despachar la mercanc\u00eda de exportaci\u00f3n.[\/vc_column_text][\/vc_column_inner][vc_column_inner width=\u00bb1\/2&#8243; css=\u00bb.vc_custom_1449205338110{margin-bottom: 30px !important;}\u00bb][vc_column_text css=\u00bb.vc_custom_1499792779817{border-top-width: 1px !important;border-right-width: 1px !important;border-bottom-width: 1px !important;border-left-width: 1px !important;padding-top: 40px !important;padding-right: 30px !important;padding-bottom: 40px !important;padding-left: 30px !important;border-left-color: #e6e6e6 !important;border-left-style: solid !important;border-right-color: #e6e6e6 !important;border-right-style: solid !important;border-top-color: #e6e6e6 !important;border-top-style: solid !important;border-bottom-color: #e6e6e6 !important;border-bottom-style: solid !important;}\u00bb]<\/p>\n<h5>CFR (Cost &amp; Freight)<\/h5>\n<p>T\u00e9rmino utilizado exclusivamente cuando el transporte de la mercanc\u00eda se realiza por barco (mar o v\u00edas fluviales de navegaci\u00f3n interior).<\/p>\n<p>El vendedor pagar\u00e1 los gastos y el flete necesarios para hacer llegar la mercanc\u00eda al puerto de destino convenido, si bien el riesgo de p\u00e9rdida o da\u00f1o de la mercanc\u00eda se transfiere del vendedor al comprador cuando la mercanc\u00eda traspasa la borda del buque en el puerto de embarque. Este t\u00e9rmino exige que el vendedor despache la mercanc\u00eda de explotaci\u00f3n.[\/vc_column_text][\/vc_column_inner][\/vc_row_inner][vc_row_inner css=\u00bb.vc_custom_1447744004634{margin-bottom: 30px !important;}\u00bb][vc_column_inner width=\u00bb1\/2&#8243;][vc_column_text css=\u00bb.vc_custom_1499792802014{border-top-width: 1px !important;border-right-width: 1px !important;border-bottom-width: 1px !important;border-left-width: 1px !important;padding-top: 40px !important;padding-right: 30px !important;padding-bottom: 40px !important;padding-left: 30px !important;border-left-color: #e6e6e6 !important;border-left-style: solid !important;border-right-color: #e6e6e6 !important;border-right-style: solid !important;border-top-color: #e6e6e6 !important;border-top-style: solid !important;border-bottom-color: #e6e6e6 !important;border-bottom-style: solid !important;}\u00bb]<\/p>\n<h5>CIF (Cost Insurance &amp; Freight)<\/h5>\n<p>T\u00e9rmino utilizado exclusivamente cuando el transporte de la mercanc\u00eda se realiza por barco (mar o v\u00edas fluviales de navegaci\u00f3n interior).<\/p>\n<p>El vendedor ha de pagar los gastos y el flete necesarios para hacer llegar la mercanc\u00eda al puerto de destino convenido, si bien el riesgo de p\u00e9rdida o da\u00f1o de la mercanc\u00eda se transfiere del vendedor al comprador cuando la mercanc\u00eda traspasa la borda del buque en el puerto de embarque. Este t\u00e9rmino exige que el vendedor despache la mercanc\u00eda de explotaci\u00f3n.[\/vc_column_text][\/vc_column_inner][vc_column_inner width=\u00bb1\/2&#8243;][\/vc_column_inner][\/vc_row_inner][\/vc_column][\/vc_row]<\/p>\n<\/div>","protected":false},"excerpt":{"rendered":"<p>[vc_row][vc_column width=\u00bb1\/4&#8243; offset=\u00bbvc_hidden-sm vc_hidden-xs\u00bb][stm_sidebar sidebar=\u00bb784&#8243;][\/vc_column][vc_column offset=\u00bbvc_col-lg-9 vc_col-md-9&#8243;][vc_column_text css=\u00bb.vc_custom_1499792060377{margin-bottom: 60px !important;}\u00bb] \u00bfQu\u00e9 son los Incoterms? Son las reglas sobre el uso de t\u00e9rminos nacionales e internacionales Incoterms 2010 de la C\u00e1mara de Comercio Internacional,&#8230;<\/p>\n","protected":false},"author":1,"featured_media":0,"parent":0,"menu_order":0,"comment_status":"closed","ping_status":"closed","template":"","meta":{"_et_pb_use_builder":"","_et_pb_old_content":"","_et_gb_content_width":"","_monsterinsights_skip_tracking":false,"_monsterinsights_sitenote_active":false,"_monsterinsights_sitenote_note":"","_monsterinsights_sitenote_category":0,"_uf_show_specific_survey":0,"_uf_disable_surveys":false,"footnotes":""},"class_list":["post-455","page","type-page","status-publish","hentry"],"yoast_head":"<!-- This site is optimized with the Yoast SEO plugin v23.6 - https:\/\/yoast.com\/wordpress\/plugins\/seo\/ -->\n<title>Incoterms - COMEX SOLUTIONS<\/title>\n<meta name=\"robots\" content=\"index, follow, max-snippet:-1, max-image-preview:large, max-video-preview:-1\" \/>\n<link rel=\"canonical\" href=\"https:\/\/comex-solutions.com\/?page_id=455\" \/>\n<meta property=\"og:locale\" content=\"es_ES\" \/>\n<meta property=\"og:type\" content=\"article\" \/>\n<meta property=\"og:title\" content=\"Incoterms - COMEX SOLUTIONS\" \/>\n<meta property=\"og:description\" content=\"[vc_row][vc_column width=\u00bb1\/4&#8243; offset=\u00bbvc_hidden-sm vc_hidden-xs\u00bb][stm_sidebar sidebar=\u00bb784&#8243;][\/vc_column][vc_column offset=\u00bbvc_col-lg-9 vc_col-md-9&#8243;][vc_column_text css=\u00bb.vc_custom_1499792060377{margin-bottom: 60px !important;}\u00bb] \u00bfQu\u00e9 son los Incoterms? Son las reglas sobre el uso de t\u00e9rminos nacionales e internacionales Incoterms 2010 de la C\u00e1mara de Comercio Internacional,...\" \/>\n<meta property=\"og:url\" content=\"https:\/\/comex-solutions.com\/?page_id=455\" \/>\n<meta property=\"og:site_name\" content=\"COMEX SOLUTIONS\" \/>\n<meta property=\"article:publisher\" content=\"https:\/\/es-la.facebook.com\/comexsolutionsec\/\" \/>\n<meta property=\"article:modified_time\" content=\"2017-08-28T21:59:20+00:00\" \/>\n<meta name=\"twitter:card\" content=\"summary_large_image\" \/>\n<meta name=\"twitter:label1\" content=\"Tiempo de lectura\" \/>\n\t<meta name=\"twitter:data1\" content=\"10 minutos\" \/>\n<script type=\"application\/ld+json\" class=\"yoast-schema-graph\">{\"@context\":\"https:\/\/schema.org\",\"@graph\":[{\"@type\":\"WebPage\",\"@id\":\"https:\/\/comex-solutions.com\/?page_id=455\",\"url\":\"https:\/\/comex-solutions.com\/?page_id=455\",\"name\":\"Incoterms - COMEX SOLUTIONS\",\"isPartOf\":{\"@id\":\"https:\/\/comex-solutions.com\/#website\"},\"datePublished\":\"2015-11-17T06:59:03+00:00\",\"dateModified\":\"2017-08-28T21:59:20+00:00\",\"breadcrumb\":{\"@id\":\"https:\/\/comex-solutions.com\/?page_id=455#breadcrumb\"},\"inLanguage\":\"es\",\"potentialAction\":[{\"@type\":\"ReadAction\",\"target\":[\"https:\/\/comex-solutions.com\/?page_id=455\"]}]},{\"@type\":\"BreadcrumbList\",\"@id\":\"https:\/\/comex-solutions.com\/?page_id=455#breadcrumb\",\"itemListElement\":[{\"@type\":\"ListItem\",\"position\":1,\"name\":\"Portada\",\"item\":\"https:\/\/comex-solutions.com\/\"},{\"@type\":\"ListItem\",\"position\":2,\"name\":\"Incoterms\"}]},{\"@type\":\"WebSite\",\"@id\":\"https:\/\/comex-solutions.com\/#website\",\"url\":\"https:\/\/comex-solutions.com\/\",\"name\":\"COMEX SOLUTIONS\",\"description\":\"IMPORTACIONES Y EXPORTACIONES\",\"publisher\":{\"@id\":\"https:\/\/comex-solutions.com\/#organization\"},\"potentialAction\":[{\"@type\":\"SearchAction\",\"target\":{\"@type\":\"EntryPoint\",\"urlTemplate\":\"https:\/\/comex-solutions.com\/?s={search_term_string}\"},\"query-input\":{\"@type\":\"PropertyValueSpecification\",\"valueRequired\":true,\"valueName\":\"search_term_string\"}}],\"inLanguage\":\"es\"},{\"@type\":\"Organization\",\"@id\":\"https:\/\/comex-solutions.com\/#organization\",\"name\":\"COMEX SOLUTIONS\",\"url\":\"https:\/\/comex-solutions.com\/\",\"logo\":{\"@type\":\"ImageObject\",\"inLanguage\":\"es\",\"@id\":\"https:\/\/comex-solutions.com\/#\/schema\/logo\/image\/\",\"url\":\"http:\/\/comex-solutions.com\/wp-content\/uploads\/2017\/08\/LOGO-CON-FONDO.png\",\"contentUrl\":\"http:\/\/comex-solutions.com\/wp-content\/uploads\/2017\/08\/LOGO-CON-FONDO.png\",\"width\":2995,\"height\":1134,\"caption\":\"COMEX SOLUTIONS\"},\"image\":{\"@id\":\"https:\/\/comex-solutions.com\/#\/schema\/logo\/image\/\"},\"sameAs\":[\"https:\/\/es-la.facebook.com\/comexsolutionsec\/\",\"https:\/\/www.instagram.com\/comexsolutions\/?hl=es-la\"]}]}<\/script>\n<!-- \/ Yoast SEO plugin. -->","yoast_head_json":{"title":"Incoterms - COMEX SOLUTIONS","robots":{"index":"index","follow":"follow","max-snippet":"max-snippet:-1","max-image-preview":"max-image-preview:large","max-video-preview":"max-video-preview:-1"},"canonical":"https:\/\/comex-solutions.com\/?page_id=455","og_locale":"es_ES","og_type":"article","og_title":"Incoterms - COMEX SOLUTIONS","og_description":"[vc_row][vc_column width=\u00bb1\/4&#8243; offset=\u00bbvc_hidden-sm vc_hidden-xs\u00bb][stm_sidebar sidebar=\u00bb784&#8243;][\/vc_column][vc_column offset=\u00bbvc_col-lg-9 vc_col-md-9&#8243;][vc_column_text css=\u00bb.vc_custom_1499792060377{margin-bottom: 60px !important;}\u00bb] \u00bfQu\u00e9 son los Incoterms? Son las reglas sobre el uso de t\u00e9rminos nacionales e internacionales Incoterms 2010 de la C\u00e1mara de Comercio Internacional,...","og_url":"https:\/\/comex-solutions.com\/?page_id=455","og_site_name":"COMEX SOLUTIONS","article_publisher":"https:\/\/es-la.facebook.com\/comexsolutionsec\/","article_modified_time":"2017-08-28T21:59:20+00:00","twitter_card":"summary_large_image","twitter_misc":{"Tiempo de lectura":"10 minutos"},"schema":{"@context":"https:\/\/schema.org","@graph":[{"@type":"WebPage","@id":"https:\/\/comex-solutions.com\/?page_id=455","url":"https:\/\/comex-solutions.com\/?page_id=455","name":"Incoterms - COMEX SOLUTIONS","isPartOf":{"@id":"https:\/\/comex-solutions.com\/#website"},"datePublished":"2015-11-17T06:59:03+00:00","dateModified":"2017-08-28T21:59:20+00:00","breadcrumb":{"@id":"https:\/\/comex-solutions.com\/?page_id=455#breadcrumb"},"inLanguage":"es","potentialAction":[{"@type":"ReadAction","target":["https:\/\/comex-solutions.com\/?page_id=455"]}]},{"@type":"BreadcrumbList","@id":"https:\/\/comex-solutions.com\/?page_id=455#breadcrumb","itemListElement":[{"@type":"ListItem","position":1,"name":"Portada","item":"https:\/\/comex-solutions.com\/"},{"@type":"ListItem","position":2,"name":"Incoterms"}]},{"@type":"WebSite","@id":"https:\/\/comex-solutions.com\/#website","url":"https:\/\/comex-solutions.com\/","name":"COMEX SOLUTIONS","description":"IMPORTACIONES Y EXPORTACIONES","publisher":{"@id":"https:\/\/comex-solutions.com\/#organization"},"potentialAction":[{"@type":"SearchAction","target":{"@type":"EntryPoint","urlTemplate":"https:\/\/comex-solutions.com\/?s={search_term_string}"},"query-input":{"@type":"PropertyValueSpecification","valueRequired":true,"valueName":"search_term_string"}}],"inLanguage":"es"},{"@type":"Organization","@id":"https:\/\/comex-solutions.com\/#organization","name":"COMEX SOLUTIONS","url":"https:\/\/comex-solutions.com\/","logo":{"@type":"ImageObject","inLanguage":"es","@id":"https:\/\/comex-solutions.com\/#\/schema\/logo\/image\/","url":"http:\/\/comex-solutions.com\/wp-content\/uploads\/2017\/08\/LOGO-CON-FONDO.png","contentUrl":"http:\/\/comex-solutions.com\/wp-content\/uploads\/2017\/08\/LOGO-CON-FONDO.png","width":2995,"height":1134,"caption":"COMEX SOLUTIONS"},"image":{"@id":"https:\/\/comex-solutions.com\/#\/schema\/logo\/image\/"},"sameAs":["https:\/\/es-la.facebook.com\/comexsolutionsec\/","https:\/\/www.instagram.com\/comexsolutions\/?hl=es-la"]}]}},"_links":{"self":[{"href":"https:\/\/comex-solutions.com\/index.php?rest_route=\/wp\/v2\/pages\/455","targetHints":{"allow":["GET"]}}],"collection":[{"href":"https:\/\/comex-solutions.com\/index.php?rest_route=\/wp\/v2\/pages"}],"about":[{"href":"https:\/\/comex-solutions.com\/index.php?rest_route=\/wp\/v2\/types\/page"}],"author":[{"embeddable":true,"href":"https:\/\/comex-solutions.com\/index.php?rest_route=\/wp\/v2\/users\/1"}],"replies":[{"embeddable":true,"href":"https:\/\/comex-solutions.com\/index.php?rest_route=%2Fwp%2Fv2%2Fcomments&post=455"}],"version-history":[{"count":2,"href":"https:\/\/comex-solutions.com\/index.php?rest_route=\/wp\/v2\/pages\/455\/revisions"}],"predecessor-version":[{"id":1167,"href":"https:\/\/comex-solutions.com\/index.php?rest_route=\/wp\/v2\/pages\/455\/revisions\/1167"}],"wp:attachment":[{"href":"https:\/\/comex-solutions.com\/index.php?rest_route=%2Fwp%2Fv2%2Fmedia&parent=455"}],"curies":[{"name":"wp","href":"https:\/\/api.w.org\/{rel}","templated":true}]}}