{"id":442,"date":"2015-11-17T05:09:58","date_gmt":"2015-11-17T05:09:58","guid":{"rendered":"http:\/\/cdn.logistics.stylemixthemes.com\/demo\/?page_id=442"},"modified":"2022-04-08T14:24:28","modified_gmt":"2022-04-08T14:24:28","slug":"contacts","status":"publish","type":"page","link":"https:\/\/comex-solutions.com\/?page_id=442","title":{"rendered":"Contacto"},"content":{"rendered":"<div class=\"wpb-content-wrapper\"><p>[vc_row css=\u00bb.vc_custom_1449207080478{margin-bottom: 60px !important;}\u00bb][vc_column offset=\u00bbvc_col-lg-4 vc_col-md-4&#8243; css=\u00bb.vc_custom_1449207085340{margin-bottom: 60px !important;}\u00bb][vc_column_text]<\/p>\n<h2>Contactanos<\/h2>\n<p id=\"tw-target-text\" class=\"tw-data-text tw-text-large tw-ta\" dir=\"ltr\" data-placeholder=\"Traducci\u00f3n\"><span lang=\"es\">Si tiene alguna pregunta sobre Comex Solutions o sobre c\u00f3mo podemos apoyar su negocio, cont\u00e1ctenos directamente seleccionando una de las siguientes categor\u00edas que sea m\u00e1s relevante para su consulta y complete nuestro breve formulario de comentarios<\/span>.<\/p>\n<p class=\"tw-data-text tw-text-large tw-ta\" dir=\"ltr\" data-placeholder=\"Traducci\u00f3n\">[\/vc_column_text][\/vc_column][vc_column offset=\u00bbvc_col-lg-8vc_colmd8&#8243;css=\u00bb.vc_custom_1449207088828{margin-bottom: 30px !important;}\u00bb]\n<div class=\"wpcf7 no-js\" id=\"wpcf7-f453-o1\" lang=\"en-US\" dir=\"ltr\">\n<div class=\"screen-reader-response\"><p role=\"status\" aria-live=\"polite\" aria-atomic=\"true\"><\/p> <ul><\/ul><\/div>\n<form action=\"\/index.php?rest_route=%2Fwp%2Fv2%2Fpages%2F442#wpcf7-f453-o1\" method=\"post\" class=\"wpcf7-form init\" aria-label=\"Contact form\" novalidate=\"novalidate\" data-status=\"init\">\n<div style=\"display: none;\">\n<input type=\"hidden\" name=\"_wpcf7\" value=\"453\" \/>\n<input type=\"hidden\" name=\"_wpcf7_version\" value=\"5.9.8\" \/>\n<input type=\"hidden\" name=\"_wpcf7_locale\" value=\"en_US\" \/>\n<input type=\"hidden\" name=\"_wpcf7_unit_tag\" value=\"wpcf7-f453-o1\" \/>\n<input type=\"hidden\" name=\"_wpcf7_container_post\" value=\"0\" \/>\n<input type=\"hidden\" name=\"_wpcf7_posted_data_hash\" value=\"\" \/>\n<\/div>\n<div class=\"contact_form\">\n\t<div class=\"row\">\n\t\t<div class=\"col-lg-6 col-md-6 col-sm-12 col-xs-12\">\n\t\t\t<div class=\"input-group\">\n\t\t\t\t<p><span class=\"wpcf7-form-control-wrap\" data-name=\"email-141\"><input size=\"40\" maxlength=\"400\" class=\"wpcf7-form-control wpcf7-email wpcf7-text wpcf7-validates-as-email\" aria-invalid=\"false\" value=\"\" type=\"email\" name=\"email-141\" \/><\/span>\n\t\t\t\t<\/p>\n\t\t\t<\/div>\n\t\t\t<div class=\"input-group\">\n\t\t\t\t<p><span class=\"wpcf7-form-control-wrap\" data-name=\"email\"><input size=\"40\" maxlength=\"400\" class=\"wpcf7-form-control wpcf7-email wpcf7-validates-as-required wpcf7-text wpcf7-validates-as-email\" aria-required=\"true\" aria-invalid=\"false\" placeholder=\"E-mail *\" value=\"\" type=\"email\" name=\"email\" \/><\/span>\n\t\t\t\t<\/p>\n\t\t\t<\/div>\n\t\t<\/div>\n\t\t<div class=\"col-lg-6 col-md-6 col-sm-12 col-xs-12\">\n\t\t\t<p><span class=\"wpcf7-form-control-wrap\" data-name=\"message\"><textarea cols=\"40\" rows=\"10\" maxlength=\"2000\" class=\"wpcf7-form-control wpcf7-textarea wpcf7-validates-as-required\" aria-required=\"true\" aria-invalid=\"false\" placeholder=\"Message *\" name=\"message\"><\/textarea><\/span>\n\t\t\t<\/p>\n\t\t<\/div>\n\t<\/div>\n\t<div class=\"row\">\n\t\t<div class=\"col-lg-6 col-md-6 col-sm-12 col-xs-12\">\n\t\t\t<div class=\"input-group\">\n\t\t\t\t<p><span class=\"wpcf7-form-control-wrap\" data-name=\"newsletter\"><span class=\"wpcf7-form-control wpcf7-checkbox\"><span class=\"wpcf7-list-item first last\"><label><input type=\"checkbox\" name=\"newsletter[]\" value=\"Subscribe to our newsletter\" \/><span class=\"wpcf7-list-item-label\">Subscribe to our newsletter<\/span><\/label><\/span><\/span><\/span>\n\t\t\t\t<\/p>\n\t\t\t<\/div>\n\t\t<\/div>\n\t\t<div class=\"col-lg-6 col-md-6 col-sm-12 col-xs-12 text-right\">\n\t\t\t<div class=\"input-group\">\n\t\t\t\t<p><button class=\"button icon_right size-sm theme-wpcf7-submit\">SUBMIT <i class=\"stm-arrow-next\"><\/i><\/button>\n\t\t\t\t<\/p>\n\t\t\t<\/div>\n\t\t<\/div>\n\t<\/div>\n<\/div><p style=\"display: none !important;\" class=\"akismet-fields-container\" data-prefix=\"_wpcf7_ak_\"><label>&#916;<textarea name=\"_wpcf7_ak_hp_textarea\" cols=\"45\" rows=\"8\" maxlength=\"100\"><\/textarea><\/label><input type=\"hidden\" id=\"ak_js_1\" name=\"_wpcf7_ak_js\" value=\"31\"\/><script>document.getElementById( \"ak_js_1\" ).setAttribute( \"value\", ( new Date() ).getTime() );<\/script><\/p><div class=\"wpcf7-response-output\" aria-hidden=\"true\"><\/div>\n<\/form>\n<\/div>\n[\/vc_column][\/vc_row][vc_row full_width=\u00bbstretch_row_content_no_spaces\u00bbcss=\u00bb.vc_custom_1447738052361{margin-bottom: 100px !important;}\u00bb][vc_column][stm_gmap map_zoom=\u00bb10&#8243; disable_mouse_whell=\u00bbdisable\u00bb][stm_gmap_address title=\u00bbQuito- Ecuador\u00bb address=\u00bbMatriz Isla Baltra E3-30 y Jorge Drom, Quito \u00bb phone=\u00bb+5 93 25110467&#8243; email=\u00bbventasuio@comex-solutions.com\u00bb lat=\u00bb-0.1664239&#8243; lng=\u00bb-78.4847029&#8243;][stm_gmap_address title=\u00bbShanghai &#8211; China\u00bb address=\u00bb358 East Daming Road Shanghai, Shanghai 200080 China\u00bb phone=\u00bb+8621 55333388&#8243; email=\u00bbventascn@comex-solutions.com\u00bb lat=\u00bb31.1521636&#8243; lng=\u00bb121.1195519&#8243;][stm_gmap_address title=\u00bbGuayaquil &#8211; Ecuador\u00bb address=\u00bbAv. Luis Plaza Da\u00f1in y Alcivar, Edificio Caf\u00e9, Guayaquil\u00bb phone=\u00bb+593 4 507 5840&#8243; email=\u00bboperacionesgye@comex-solutions.com\u00bb lat=\u00bb-2.177638328878203&#8243; lng=\u00bb-79.87602395195644&#8243;][\/stm_gmap][\/vc_column][\/vc_row]<\/p>\n\n<\/div>","protected":false},"excerpt":{"rendered":"<p>[vc_row css=\u00bb.vc_custom_1449207080478{margin-bottom: 60px !important;}\u00bb][vc_column offset=\u00bbvc_col-lg-4 vc_col-md-4&#8243; css=\u00bb.vc_custom_1449207085340{margin-bottom: 60px !important;}\u00bb][vc_column_text] Contactanos Si tiene alguna pregunta sobre Comex Solutions o sobre c\u00f3mo podemos apoyar su negocio, cont\u00e1ctenos directamente seleccionando una de las siguientes categor\u00edas que&#8230;<\/p>\n","protected":false},"author":1,"featured_media":0,"parent":0,"menu_order":0,"comment_status":"closed","ping_status":"closed","template":"","meta":{"_et_pb_use_builder":"","_et_pb_old_content":"","_et_gb_content_width":"","_monsterinsights_skip_tracking":false,"_monsterinsights_sitenote_active":false,"_monsterinsights_sitenote_note":"","_monsterinsights_sitenote_category":0,"_uf_show_specific_survey":0,"_uf_disable_surveys":false,"footnotes":""},"class_list":["post-442","page","type-page","status-publish","hentry"],"yoast_head":"<!-- This site is optimized with the Yoast SEO plugin v23.6 - https:\/\/yoast.com\/wordpress\/plugins\/seo\/ -->\n<title>Contacto - COMEX SOLUTIONS<\/title>\n<meta name=\"robots\" content=\"index, follow, max-snippet:-1, max-image-preview:large, max-video-preview:-1\" \/>\n<link rel=\"canonical\" href=\"https:\/\/comex-solutions.com\/?page_id=442\" \/>\n<meta property=\"og:locale\" content=\"es_ES\" \/>\n<meta property=\"og:type\" content=\"article\" \/>\n<meta property=\"og:title\" content=\"Contacto - COMEX SOLUTIONS\" \/>\n<meta property=\"og:description\" content=\"[vc_row css=\u00bb.vc_custom_1449207080478{margin-bottom: 60px !important;}\u00bb][vc_column offset=\u00bbvc_col-lg-4 vc_col-md-4&#8243; css=\u00bb.vc_custom_1449207085340{margin-bottom: 60px !important;}\u00bb][vc_column_text] Contactanos Si tiene alguna pregunta sobre Comex Solutions o sobre c\u00f3mo podemos apoyar su negocio, cont\u00e1ctenos directamente seleccionando una de las siguientes categor\u00edas que...\" \/>\n<meta property=\"og:url\" content=\"https:\/\/comex-solutions.com\/?page_id=442\" \/>\n<meta property=\"og:site_name\" content=\"COMEX SOLUTIONS\" \/>\n<meta property=\"article:publisher\" content=\"https:\/\/es-la.facebook.com\/comexsolutionsec\/\" \/>\n<meta property=\"article:modified_time\" content=\"2022-04-08T14:24:28+00:00\" \/>\n<meta name=\"twitter:card\" content=\"summary_large_image\" \/>\n<meta name=\"twitter:label1\" content=\"Tiempo de lectura\" \/>\n\t<meta name=\"twitter:data1\" content=\"1 minuto\" \/>\n<script type=\"application\/ld+json\" class=\"yoast-schema-graph\">{\"@context\":\"https:\/\/schema.org\",\"@graph\":[{\"@type\":\"WebPage\",\"@id\":\"https:\/\/comex-solutions.com\/?page_id=442\",\"url\":\"https:\/\/comex-solutions.com\/?page_id=442\",\"name\":\"Contacto - COMEX SOLUTIONS\",\"isPartOf\":{\"@id\":\"https:\/\/comex-solutions.com\/#website\"},\"datePublished\":\"2015-11-17T05:09:58+00:00\",\"dateModified\":\"2022-04-08T14:24:28+00:00\",\"breadcrumb\":{\"@id\":\"https:\/\/comex-solutions.com\/?page_id=442#breadcrumb\"},\"inLanguage\":\"es\",\"potentialAction\":[{\"@type\":\"ReadAction\",\"target\":[\"https:\/\/comex-solutions.com\/?page_id=442\"]}]},{\"@type\":\"BreadcrumbList\",\"@id\":\"https:\/\/comex-solutions.com\/?page_id=442#breadcrumb\",\"itemListElement\":[{\"@type\":\"ListItem\",\"position\":1,\"name\":\"Portada\",\"item\":\"https:\/\/comex-solutions.com\/\"},{\"@type\":\"ListItem\",\"position\":2,\"name\":\"Contacto\"}]},{\"@type\":\"WebSite\",\"@id\":\"https:\/\/comex-solutions.com\/#website\",\"url\":\"https:\/\/comex-solutions.com\/\",\"name\":\"COMEX SOLUTIONS\",\"description\":\"IMPORTACIONES Y EXPORTACIONES\",\"publisher\":{\"@id\":\"https:\/\/comex-solutions.com\/#organization\"},\"potentialAction\":[{\"@type\":\"SearchAction\",\"target\":{\"@type\":\"EntryPoint\",\"urlTemplate\":\"https:\/\/comex-solutions.com\/?s={search_term_string}\"},\"query-input\":{\"@type\":\"PropertyValueSpecification\",\"valueRequired\":true,\"valueName\":\"search_term_string\"}}],\"inLanguage\":\"es\"},{\"@type\":\"Organization\",\"@id\":\"https:\/\/comex-solutions.com\/#organization\",\"name\":\"COMEX SOLUTIONS\",\"url\":\"https:\/\/comex-solutions.com\/\",\"logo\":{\"@type\":\"ImageObject\",\"inLanguage\":\"es\",\"@id\":\"https:\/\/comex-solutions.com\/#\/schema\/logo\/image\/\",\"url\":\"http:\/\/comex-solutions.com\/wp-content\/uploads\/2017\/08\/LOGO-CON-FONDO.png\",\"contentUrl\":\"http:\/\/comex-solutions.com\/wp-content\/uploads\/2017\/08\/LOGO-CON-FONDO.png\",\"width\":2995,\"height\":1134,\"caption\":\"COMEX SOLUTIONS\"},\"image\":{\"@id\":\"https:\/\/comex-solutions.com\/#\/schema\/logo\/image\/\"},\"sameAs\":[\"https:\/\/es-la.facebook.com\/comexsolutionsec\/\",\"https:\/\/www.instagram.com\/comexsolutions\/?hl=es-la\"]}]}<\/script>\n<!-- \/ Yoast SEO plugin. -->","yoast_head_json":{"title":"Contacto - COMEX SOLUTIONS","robots":{"index":"index","follow":"follow","max-snippet":"max-snippet:-1","max-image-preview":"max-image-preview:large","max-video-preview":"max-video-preview:-1"},"canonical":"https:\/\/comex-solutions.com\/?page_id=442","og_locale":"es_ES","og_type":"article","og_title":"Contacto - COMEX SOLUTIONS","og_description":"[vc_row css=\u00bb.vc_custom_1449207080478{margin-bottom: 60px !important;}\u00bb][vc_column offset=\u00bbvc_col-lg-4 vc_col-md-4&#8243; css=\u00bb.vc_custom_1449207085340{margin-bottom: 60px !important;}\u00bb][vc_column_text] Contactanos Si tiene alguna pregunta sobre Comex Solutions o sobre c\u00f3mo podemos apoyar su negocio, cont\u00e1ctenos directamente seleccionando una de las siguientes categor\u00edas que...","og_url":"https:\/\/comex-solutions.com\/?page_id=442","og_site_name":"COMEX SOLUTIONS","article_publisher":"https:\/\/es-la.facebook.com\/comexsolutionsec\/","article_modified_time":"2022-04-08T14:24:28+00:00","twitter_card":"summary_large_image","twitter_misc":{"Tiempo de lectura":"1 minuto"},"schema":{"@context":"https:\/\/schema.org","@graph":[{"@type":"WebPage","@id":"https:\/\/comex-solutions.com\/?page_id=442","url":"https:\/\/comex-solutions.com\/?page_id=442","name":"Contacto - COMEX SOLUTIONS","isPartOf":{"@id":"https:\/\/comex-solutions.com\/#website"},"datePublished":"2015-11-17T05:09:58+00:00","dateModified":"2022-04-08T14:24:28+00:00","breadcrumb":{"@id":"https:\/\/comex-solutions.com\/?page_id=442#breadcrumb"},"inLanguage":"es","potentialAction":[{"@type":"ReadAction","target":["https:\/\/comex-solutions.com\/?page_id=442"]}]},{"@type":"BreadcrumbList","@id":"https:\/\/comex-solutions.com\/?page_id=442#breadcrumb","itemListElement":[{"@type":"ListItem","position":1,"name":"Portada","item":"https:\/\/comex-solutions.com\/"},{"@type":"ListItem","position":2,"name":"Contacto"}]},{"@type":"WebSite","@id":"https:\/\/comex-solutions.com\/#website","url":"https:\/\/comex-solutions.com\/","name":"COMEX SOLUTIONS","description":"IMPORTACIONES Y EXPORTACIONES","publisher":{"@id":"https:\/\/comex-solutions.com\/#organization"},"potentialAction":[{"@type":"SearchAction","target":{"@type":"EntryPoint","urlTemplate":"https:\/\/comex-solutions.com\/?s={search_term_string}"},"query-input":{"@type":"PropertyValueSpecification","valueRequired":true,"valueName":"search_term_string"}}],"inLanguage":"es"},{"@type":"Organization","@id":"https:\/\/comex-solutions.com\/#organization","name":"COMEX SOLUTIONS","url":"https:\/\/comex-solutions.com\/","logo":{"@type":"ImageObject","inLanguage":"es","@id":"https:\/\/comex-solutions.com\/#\/schema\/logo\/image\/","url":"http:\/\/comex-solutions.com\/wp-content\/uploads\/2017\/08\/LOGO-CON-FONDO.png","contentUrl":"http:\/\/comex-solutions.com\/wp-content\/uploads\/2017\/08\/LOGO-CON-FONDO.png","width":2995,"height":1134,"caption":"COMEX SOLUTIONS"},"image":{"@id":"https:\/\/comex-solutions.com\/#\/schema\/logo\/image\/"},"sameAs":["https:\/\/es-la.facebook.com\/comexsolutionsec\/","https:\/\/www.instagram.com\/comexsolutions\/?hl=es-la"]}]}},"_links":{"self":[{"href":"https:\/\/comex-solutions.com\/index.php?rest_route=\/wp\/v2\/pages\/442","targetHints":{"allow":["GET"]}}],"collection":[{"href":"https:\/\/comex-solutions.com\/index.php?rest_route=\/wp\/v2\/pages"}],"about":[{"href":"https:\/\/comex-solutions.com\/index.php?rest_route=\/wp\/v2\/types\/page"}],"author":[{"embeddable":true,"href":"https:\/\/comex-solutions.com\/index.php?rest_route=\/wp\/v2\/users\/1"}],"replies":[{"embeddable":true,"href":"https:\/\/comex-solutions.com\/index.php?rest_route=%2Fwp%2Fv2%2Fcomments&post=442"}],"version-history":[{"count":28,"href":"https:\/\/comex-solutions.com\/index.php?rest_route=\/wp\/v2\/pages\/442\/revisions"}],"predecessor-version":[{"id":1487,"href":"https:\/\/comex-solutions.com\/index.php?rest_route=\/wp\/v2\/pages\/442\/revisions\/1487"}],"wp:attachment":[{"href":"https:\/\/comex-solutions.com\/index.php?rest_route=%2Fwp%2Fv2%2Fmedia&parent=442"}],"curies":[{"name":"wp","href":"https:\/\/api.w.org\/{rel}","templated":true}]}}