{"id":415,"date":"2015-11-17T04:19:36","date_gmt":"2015-11-17T04:19:36","guid":{"rendered":"http:\/\/cdn.logistics.stylemixthemes.com\/demo\/?page_id=415"},"modified":"2023-05-05T21:20:28","modified_gmt":"2023-05-05T21:20:28","slug":"somos","status":"publish","type":"page","link":"https:\/\/comex-solutions.com\/?page_id=415","title":{"rendered":"\u00bfQui\u00e9nes Somos?"},"content":{"rendered":"<div class=\"wpb-content-wrapper\"><p>[vc_row css=\u00bb.vc_custom_1448604362911{margin-bottom: 100px !important;}\u00bb][vc_column offset=\u00bbvc_col-lg-9 vc_col-md-9&#8243;][vc_row_inner css=\u00bb.vc_custom_1449140720718{margin-bottom: 0px !important;}\u00bb][vc_column_inner offset=\u00bbvc_hidden-xs\u00bb css=\u00bb.vc_custom_1449140656921{margin-bottom: 80px !important;}\u00bb][rev_slider_vc alias=\u00bbabout_us_slider\u00bb][\/vc_column_inner][\/vc_row_inner][vc_column_text css=\u00bb.vc_custom_1564090620476{margin-bottom: 30px !important;}\u00bb]<\/p>\n<h2>Comex Solutions<\/h2>\n<p>El modelo operaci\u00f3n de Comex Solutions, utiliza solo operadores de calidad, lo que significa nuestros clientes se benefician con altos niveles de servicio, una mayor flexibilidad y entregas en tiempos de despachos.<\/p>\n<p>Nuestra experiencia en la gesti\u00f3n y planificaci\u00f3n del transporte nos permite dise\u00f1ar una soluci\u00f3n que satisfaga sus necesidades y tambi\u00e9n responder r\u00e1pidamente a cualquier eventualidad que ocurra en el proceso log\u00edstico.<\/p>\n<h2>Nuestra Visi\u00f3n<\/h2>\n<p>Al 2025 ser una de las empresas m\u00e1s grandes de log\u00edstica del Ecuador, con miras a la internacionalizaci\u00f3n mejorando nuestros procesos de gesti\u00f3n de calidad y realizando; nuevas alianzas estrat\u00e9gicas y brindando un mejor servicio a nuestros clientes.<\/p>\n<h2>Nuestra Misi\u00f3n<\/h2>\n<p>[\/vc_column_text][vc_row_inner css=\u00bb.vc_custom_1448605934156{margin-bottom: 80px !important;}\u00bb][vc_column_inner width=\u00bb1\/2&#8243;][vc_column_text css=\u00bb.vc_custom_1564090721122{margin-bottom: 30px !important;}\u00bb]<\/p>\n<ul class=\"style_3\">\n<li>Entregar Servicios al Cliente Ambientalmente Responsables<\/li>\n<li>Proporcionar un Entorno de Trabajo Atractivo<\/li>\n<li>Ser un Socio Activo de la Comunidad<\/li>\n<li>Mantener Altos Est\u00e1ndares \u00c9ticos<\/li>\n<li>Impulsar la Mejora Continua<\/li>\n<\/ul>\n<p>[\/vc_column_text][\/vc_column_inner][vc_column_inner width=\u00bb1\/2&#8243;][vc_column_text]<\/p>\n<p>I am text block. Click edit button to change this text. Lorem ipsum dolor sit amet, consectetur adipiscing elit. Ut elit tellus, luctus nec ullamcorper mattis, pulvinar dapibus leo.<\/p>\n<p>[\/vc_column_text][\/vc_column_inner][\/vc_row_inner][\/vc_column][\/vc_row][vc_row full_width=\u00bbstretch_row\u00bb el_class=\u00bbsecondary_bg_color\u00bb css=\u00bb.vc_custom_1447734480631{margin-bottom: 0px !important;}\u00bb][vc_column][vc_cta h2=\u00bb\u00bfNo est\u00e1 seguro de qu\u00e9 soluci\u00f3n se adapta a sus necesidades comerciales?\u00bb shape=\u00bbsquare\u00bb add_button=\u00bbright\u00bb btn_title=\u00bbContactanos\u00bb btn_style=\u00bboutline\u00bb btn_shape=\u00bbround\u00bb btn_color=\u00bbwhite\u00bb btn_i_align=\u00bbright\u00bb btn_i_icon_fontawesome=\u00bbstm-arrow-next\u00bb btn_add_icon=\u00bbtrue\u00bb el_class=\u00bbsecondary_bg_color\u00bb btn_custom_onclick=\u00bbtrue\u00bb][\/vc_cta][\/vc_column][\/vc_row]<\/p>\n<\/div>","protected":false},"excerpt":{"rendered":"<p>[vc_row css=\u00bb.vc_custom_1448604362911{margin-bottom: 100px !important;}\u00bb][vc_column offset=\u00bbvc_col-lg-9 vc_col-md-9&#8243;][vc_row_inner css=\u00bb.vc_custom_1449140720718{margin-bottom: 0px !important;}\u00bb][vc_column_inner offset=\u00bbvc_hidden-xs\u00bb css=\u00bb.vc_custom_1449140656921{margin-bottom: 80px !important;}\u00bb][rev_slider_vc alias=\u00bbabout_us_slider\u00bb][\/vc_column_inner][\/vc_row_inner][vc_column_text css=\u00bb.vc_custom_1564090620476{margin-bottom: 30px !important;}\u00bb] Comex Solutions El modelo operaci\u00f3n de Comex Solutions, utiliza solo operadores de calidad, lo que significa&#8230;<\/p>\n","protected":false},"author":1,"featured_media":0,"parent":0,"menu_order":0,"comment_status":"closed","ping_status":"closed","template":"","meta":{"_et_pb_use_builder":"","_et_pb_old_content":"","_et_gb_content_width":"","_monsterinsights_skip_tracking":false,"_monsterinsights_sitenote_active":false,"_monsterinsights_sitenote_note":"","_monsterinsights_sitenote_category":0,"_uf_show_specific_survey":0,"_uf_disable_surveys":false,"footnotes":""},"class_list":["post-415","page","type-page","status-publish","hentry"],"yoast_head":"<!-- This site is optimized with the Yoast SEO plugin v23.6 - https:\/\/yoast.com\/wordpress\/plugins\/seo\/ -->\n<title>\u00bfQui\u00e9nes Somos? - COMEX SOLUTIONS<\/title>\n<meta name=\"description\" content=\"El modelo operaci\u00f3n de Comex Solutions, utiliza solo operadores de calidad, lo que significa nuestros clientes se benefician con altos niveles de servicio, una mayor flexibilidad y entregas en tiempos de despachos.\" \/>\n<meta name=\"robots\" content=\"index, follow, max-snippet:-1, max-image-preview:large, max-video-preview:-1\" \/>\n<link rel=\"canonical\" href=\"https:\/\/comex-solutions.com\/?page_id=415\" \/>\n<meta property=\"og:locale\" content=\"es_ES\" \/>\n<meta property=\"og:type\" content=\"article\" \/>\n<meta property=\"og:title\" content=\"\u00bfQui\u00e9nes Somos? - COMEX SOLUTIONS\" \/>\n<meta property=\"og:description\" content=\"El modelo operaci\u00f3n de Comex Solutions, utiliza solo operadores de calidad, lo que significa nuestros clientes se benefician con altos niveles de servicio, una mayor flexibilidad y entregas en tiempos de despachos.\" \/>\n<meta property=\"og:url\" content=\"https:\/\/comex-solutions.com\/?page_id=415\" \/>\n<meta property=\"og:site_name\" content=\"COMEX SOLUTIONS\" \/>\n<meta property=\"article:publisher\" content=\"https:\/\/es-la.facebook.com\/comexsolutionsec\/\" \/>\n<meta property=\"article:modified_time\" content=\"2023-05-05T21:20:28+00:00\" \/>\n<meta name=\"twitter:card\" content=\"summary_large_image\" \/>\n<meta name=\"twitter:label1\" content=\"Tiempo de lectura\" \/>\n\t<meta name=\"twitter:data1\" content=\"2 minutos\" \/>\n<script type=\"application\/ld+json\" class=\"yoast-schema-graph\">{\"@context\":\"https:\/\/schema.org\",\"@graph\":[{\"@type\":\"WebPage\",\"@id\":\"https:\/\/comex-solutions.com\/?page_id=415\",\"url\":\"https:\/\/comex-solutions.com\/?page_id=415\",\"name\":\"\u00bfQui\u00e9nes Somos? - COMEX SOLUTIONS\",\"isPartOf\":{\"@id\":\"https:\/\/comex-solutions.com\/#website\"},\"datePublished\":\"2015-11-17T04:19:36+00:00\",\"dateModified\":\"2023-05-05T21:20:28+00:00\",\"description\":\"El modelo operaci\u00f3n de Comex Solutions, utiliza solo operadores de calidad, lo que significa nuestros clientes se benefician con altos niveles de servicio, una mayor flexibilidad y entregas en tiempos de despachos.\",\"breadcrumb\":{\"@id\":\"https:\/\/comex-solutions.com\/?page_id=415#breadcrumb\"},\"inLanguage\":\"es\",\"potentialAction\":[{\"@type\":\"ReadAction\",\"target\":[\"https:\/\/comex-solutions.com\/?page_id=415\"]}]},{\"@type\":\"BreadcrumbList\",\"@id\":\"https:\/\/comex-solutions.com\/?page_id=415#breadcrumb\",\"itemListElement\":[{\"@type\":\"ListItem\",\"position\":1,\"name\":\"Portada\",\"item\":\"https:\/\/comex-solutions.com\/\"},{\"@type\":\"ListItem\",\"position\":2,\"name\":\"\u00bfQui\u00e9nes Somos?\"}]},{\"@type\":\"WebSite\",\"@id\":\"https:\/\/comex-solutions.com\/#website\",\"url\":\"https:\/\/comex-solutions.com\/\",\"name\":\"COMEX SOLUTIONS\",\"description\":\"IMPORTACIONES Y EXPORTACIONES\",\"publisher\":{\"@id\":\"https:\/\/comex-solutions.com\/#organization\"},\"potentialAction\":[{\"@type\":\"SearchAction\",\"target\":{\"@type\":\"EntryPoint\",\"urlTemplate\":\"https:\/\/comex-solutions.com\/?s={search_term_string}\"},\"query-input\":{\"@type\":\"PropertyValueSpecification\",\"valueRequired\":true,\"valueName\":\"search_term_string\"}}],\"inLanguage\":\"es\"},{\"@type\":\"Organization\",\"@id\":\"https:\/\/comex-solutions.com\/#organization\",\"name\":\"COMEX SOLUTIONS\",\"url\":\"https:\/\/comex-solutions.com\/\",\"logo\":{\"@type\":\"ImageObject\",\"inLanguage\":\"es\",\"@id\":\"https:\/\/comex-solutions.com\/#\/schema\/logo\/image\/\",\"url\":\"http:\/\/comex-solutions.com\/wp-content\/uploads\/2017\/08\/LOGO-CON-FONDO.png\",\"contentUrl\":\"http:\/\/comex-solutions.com\/wp-content\/uploads\/2017\/08\/LOGO-CON-FONDO.png\",\"width\":2995,\"height\":1134,\"caption\":\"COMEX SOLUTIONS\"},\"image\":{\"@id\":\"https:\/\/comex-solutions.com\/#\/schema\/logo\/image\/\"},\"sameAs\":[\"https:\/\/es-la.facebook.com\/comexsolutionsec\/\",\"https:\/\/www.instagram.com\/comexsolutions\/?hl=es-la\"]}]}<\/script>\n<!-- \/ Yoast SEO plugin. -->","yoast_head_json":{"title":"\u00bfQui\u00e9nes Somos? - COMEX SOLUTIONS","description":"El modelo operaci\u00f3n de Comex Solutions, utiliza solo operadores de calidad, lo que significa nuestros clientes se benefician con altos niveles de servicio, una mayor flexibilidad y entregas en tiempos de despachos.","robots":{"index":"index","follow":"follow","max-snippet":"max-snippet:-1","max-image-preview":"max-image-preview:large","max-video-preview":"max-video-preview:-1"},"canonical":"https:\/\/comex-solutions.com\/?page_id=415","og_locale":"es_ES","og_type":"article","og_title":"\u00bfQui\u00e9nes Somos? - COMEX SOLUTIONS","og_description":"El modelo operaci\u00f3n de Comex Solutions, utiliza solo operadores de calidad, lo que significa nuestros clientes se benefician con altos niveles de servicio, una mayor flexibilidad y entregas en tiempos de despachos.","og_url":"https:\/\/comex-solutions.com\/?page_id=415","og_site_name":"COMEX SOLUTIONS","article_publisher":"https:\/\/es-la.facebook.com\/comexsolutionsec\/","article_modified_time":"2023-05-05T21:20:28+00:00","twitter_card":"summary_large_image","twitter_misc":{"Tiempo de lectura":"2 minutos"},"schema":{"@context":"https:\/\/schema.org","@graph":[{"@type":"WebPage","@id":"https:\/\/comex-solutions.com\/?page_id=415","url":"https:\/\/comex-solutions.com\/?page_id=415","name":"\u00bfQui\u00e9nes Somos? - COMEX SOLUTIONS","isPartOf":{"@id":"https:\/\/comex-solutions.com\/#website"},"datePublished":"2015-11-17T04:19:36+00:00","dateModified":"2023-05-05T21:20:28+00:00","description":"El modelo operaci\u00f3n de Comex Solutions, utiliza solo operadores de calidad, lo que significa nuestros clientes se benefician con altos niveles de servicio, una mayor flexibilidad y entregas en tiempos de despachos.","breadcrumb":{"@id":"https:\/\/comex-solutions.com\/?page_id=415#breadcrumb"},"inLanguage":"es","potentialAction":[{"@type":"ReadAction","target":["https:\/\/comex-solutions.com\/?page_id=415"]}]},{"@type":"BreadcrumbList","@id":"https:\/\/comex-solutions.com\/?page_id=415#breadcrumb","itemListElement":[{"@type":"ListItem","position":1,"name":"Portada","item":"https:\/\/comex-solutions.com\/"},{"@type":"ListItem","position":2,"name":"\u00bfQui\u00e9nes Somos?"}]},{"@type":"WebSite","@id":"https:\/\/comex-solutions.com\/#website","url":"https:\/\/comex-solutions.com\/","name":"COMEX SOLUTIONS","description":"IMPORTACIONES Y EXPORTACIONES","publisher":{"@id":"https:\/\/comex-solutions.com\/#organization"},"potentialAction":[{"@type":"SearchAction","target":{"@type":"EntryPoint","urlTemplate":"https:\/\/comex-solutions.com\/?s={search_term_string}"},"query-input":{"@type":"PropertyValueSpecification","valueRequired":true,"valueName":"search_term_string"}}],"inLanguage":"es"},{"@type":"Organization","@id":"https:\/\/comex-solutions.com\/#organization","name":"COMEX SOLUTIONS","url":"https:\/\/comex-solutions.com\/","logo":{"@type":"ImageObject","inLanguage":"es","@id":"https:\/\/comex-solutions.com\/#\/schema\/logo\/image\/","url":"http:\/\/comex-solutions.com\/wp-content\/uploads\/2017\/08\/LOGO-CON-FONDO.png","contentUrl":"http:\/\/comex-solutions.com\/wp-content\/uploads\/2017\/08\/LOGO-CON-FONDO.png","width":2995,"height":1134,"caption":"COMEX SOLUTIONS"},"image":{"@id":"https:\/\/comex-solutions.com\/#\/schema\/logo\/image\/"},"sameAs":["https:\/\/es-la.facebook.com\/comexsolutionsec\/","https:\/\/www.instagram.com\/comexsolutions\/?hl=es-la"]}]}},"_links":{"self":[{"href":"https:\/\/comex-solutions.com\/index.php?rest_route=\/wp\/v2\/pages\/415","targetHints":{"allow":["GET"]}}],"collection":[{"href":"https:\/\/comex-solutions.com\/index.php?rest_route=\/wp\/v2\/pages"}],"about":[{"href":"https:\/\/comex-solutions.com\/index.php?rest_route=\/wp\/v2\/types\/page"}],"author":[{"embeddable":true,"href":"https:\/\/comex-solutions.com\/index.php?rest_route=\/wp\/v2\/users\/1"}],"replies":[{"embeddable":true,"href":"https:\/\/comex-solutions.com\/index.php?rest_route=%2Fwp%2Fv2%2Fcomments&post=415"}],"version-history":[{"count":10,"href":"https:\/\/comex-solutions.com\/index.php?rest_route=\/wp\/v2\/pages\/415\/revisions"}],"predecessor-version":[{"id":1500,"href":"https:\/\/comex-solutions.com\/index.php?rest_route=\/wp\/v2\/pages\/415\/revisions\/1500"}],"wp:attachment":[{"href":"https:\/\/comex-solutions.com\/index.php?rest_route=%2Fwp%2Fv2%2Fmedia&parent=415"}],"curies":[{"name":"wp","href":"https:\/\/api.w.org\/{rel}","templated":true}]}}